{"id":1311,"date":"2020-01-28T10:03:44","date_gmt":"2020-01-28T09:03:44","guid":{"rendered":"https:\/\/tesztepito.devsite.hu\/celjaink\/"},"modified":"2023-01-17T20:26:23","modified_gmt":"2023-01-17T18:26:23","slug":"aims-and-scope","status":"publish","type":"page","link":"https:\/\/epitoanyag.org.hu\/en\/aims-and-scope\/","title":{"rendered":"Aims and scope"},"content":{"rendered":"\t\t<div data-elementor-type=\"wp-page\" data-elementor-id=\"1311\" class=\"elementor elementor-1311 elementor-597\" data-elementor-settings=\"[]\">\n\t\t\t<div class=\"elementor-inner\">\n\t\t\t\t<div class=\"elementor-section-wrap\">\n\t\t\t\t\t\t\t<section class=\"elementor-element elementor-element-cb3a867 elementor-section-boxed elementor-section-height-default elementor-section-height-default elementor-section elementor-top-section\" data-id=\"cb3a867\" data-element_type=\"section\">\n\t\t\t\t\t\t<div class=\"elementor-container elementor-column-gap-no\">\n\t\t\t\t<div class=\"elementor-row\">\n\t\t\t\t<div class=\"elementor-element elementor-element-345ad16c elementor-column elementor-col-50 elementor-top-column\" data-id=\"345ad16c\" data-element_type=\"column\">\n\t\t\t<div class=\"elementor-column-wrap  elementor-element-populated\">\n\t\t\t\t\t<div class=\"elementor-widget-wrap\">\n\t\t\t\t<div class=\"elementor-element elementor-element-39096fbd elementor-widget elementor-widget-text-editor\" data-id=\"39096fbd\" data-element_type=\"widget\" data-widget_type=\"text-editor.default\">\n\t\t\t\t<div class=\"elementor-widget-container\">\n\t\t\t\t\t<div class=\"elementor-text-editor elementor-clearfix\"><nav aria-label=\"breadcrumb\"><ol class=\"breadcrumb\" itemscope itemtype=\"https:\/\/schema.org\/BreadcrumbList\"><li class=\"breadcrumb-item active\" aria-current=\"page\" itemprop=\"itemListElement\" itemscope itemtype=\"https:\/\/schema.org\/ListItem\"><span itemprop=\"name\">F\u0151oldal<\/span><meta itemprop=\"position\" content=\"1\" \/><\/li><\/ol><\/nav><\/div>\n\t\t\t\t<\/div>\n\t\t\t\t<\/div>\n\t\t\t\t\t\t<\/div>\n\t\t\t<\/div>\n\t\t<\/div>\n\t\t\t\t<div class=\"elementor-element elementor-element-505dba22 elementor-column elementor-col-50 elementor-top-column\" data-id=\"505dba22\" data-element_type=\"column\">\n\t\t\t<div class=\"elementor-column-wrap  elementor-element-populated\">\n\t\t\t\t\t<div class=\"elementor-widget-wrap\">\n\t\t\t\t<div class=\"elementor-element elementor-element-1eda0d87 elementor-widget elementor-widget-heading\" data-id=\"1eda0d87\" data-element_type=\"widget\" data-widget_type=\"heading.default\">\n\t\t\t\t<div class=\"elementor-widget-container\">\n\t\t\t<p class=\"elementor-heading-title elementor-size-default\">Journal of the Scientific Society of the Silicate Industry<\/p>\t\t<\/div>\n\t\t\t\t<\/div>\n\t\t\t\t\t\t<\/div>\n\t\t\t<\/div>\n\t\t<\/div>\n\t\t\t\t<div class=\"elementor-element elementor-element-6aa38be9 elementor-column elementor-col-50 elementor-top-column\" data-id=\"6aa38be9\" data-element_type=\"column\">\n\t\t\t<div class=\"elementor-column-wrap  elementor-element-populated\">\n\t\t\t\t\t<div class=\"elementor-widget-wrap\">\n\t\t\t\t<div class=\"elementor-element elementor-element-454fe516 elementor-widget elementor-widget-image\" data-id=\"454fe516\" data-element_type=\"widget\" data-widget_type=\"image.default\">\n\t\t\t\t<div class=\"elementor-widget-container\">\n\t\t\t\t\t<div class=\"elementor-image\">\n\t\t\t\t\t\t\t\t\t\t\t<a href=\"https:\/\/szte.org.hu\/en\/\" target=\"_blank\" rel=\"nofollow\">\n\t\t\t\t\t\t\t<img width=\"14\" height=\"16\" src=\"https:\/\/epitoanyag.org.hu\/wp-content\/uploads\/2020\/02\/favicon-szte.png\" class=\"attachment-full size-full\" alt=\"\" loading=\"lazy\" \/>\t\t\t\t\t\t\t\t<\/a>\n\t\t\t\t\t\t\t\t\t\t\t<\/div>\n\t\t\t\t<\/div>\n\t\t\t\t<\/div>\n\t\t\t\t\t\t<\/div>\n\t\t\t<\/div>\n\t\t<\/div>\n\t\t\t\t\t\t<\/div>\n\t\t\t<\/div>\n\t\t<\/section>\n\t\t\t\t<section class=\"elementor-element elementor-element-480826c1 elementor-section-boxed elementor-section-height-default elementor-section-height-default elementor-section elementor-top-section\" data-id=\"480826c1\" data-element_type=\"section\">\n\t\t\t\t\t\t<div class=\"elementor-container elementor-column-gap-wider\">\n\t\t\t\t<div class=\"elementor-row\">\n\t\t\t\t<div class=\"elementor-element elementor-element-6a1524a6 elementor-column elementor-col-66 elementor-top-column\" data-id=\"6a1524a6\" data-element_type=\"column\">\n\t\t\t<div class=\"elementor-column-wrap  elementor-element-populated\">\n\t\t\t\t\t<div class=\"elementor-widget-wrap\">\n\t\t\t\t<div class=\"elementor-element elementor-element-b6bab76 elementor-widget elementor-widget-spacer\" data-id=\"b6bab76\" data-element_type=\"widget\" data-widget_type=\"spacer.default\">\n\t\t\t\t<div class=\"elementor-widget-container\">\n\t\t\t\t\t<div class=\"elementor-spacer\">\n\t\t\t<div class=\"elementor-spacer-inner\"><\/div>\n\t\t<\/div>\n\t\t\t\t<\/div>\n\t\t\t\t<\/div>\n\t\t\t\t<div class=\"elementor-element elementor-element-6e82c24f elementor-widget elementor-widget-heading\" data-id=\"6e82c24f\" data-element_type=\"widget\" data-widget_type=\"heading.default\">\n\t\t\t\t<div class=\"elementor-widget-container\">\n\t\t\t<h1 class=\"elementor-heading-title elementor-size-default\">Aims and Scope<\/h1>\t\t<\/div>\n\t\t\t\t<\/div>\n\t\t\t\t<div class=\"elementor-element elementor-element-c5ba7eb elementor-widget elementor-widget-text-editor\" data-id=\"c5ba7eb\" data-element_type=\"widget\" data-widget_type=\"text-editor.default\">\n\t\t\t\t<div class=\"elementor-widget-container\">\n\t\t\t\t\t<div class=\"elementor-text-editor elementor-clearfix\"><p><strong>\u00c9p\u00edt\u0151anyag\u00a0&#8211;\u00a0Journal of\u00a0Silicate Based and Composite Materials\u00a0<\/strong>publishes original research papers, review articles, case studies, short communications and letters dealing with all aspects of the science and technology of ceramics and composite materials.<\/p><p>The journal has several particular objectives. It intends to promote a better understanding of ceramics and composite materials on a wide range within and beyond construction materials, provide a forum for recent advances in materials science and review the latest developments of sustainable materials.<\/p><p>The fields which the journal aims to cover are:<\/p><ul><li>developments in the processing of materials and advancements in manufacturing,<\/li><li>design aspects together with the progress in analytical methods and modelling,<\/li><li>material properties and engineering performance,<\/li><li>microstructural characterisation and focus on novel experimental techniques,<\/li><li>applications and in situ behaviour,<\/li><li>environmental influences and<\/li><li>service life aspects.<\/li><\/ul><p>Inorganic materials are in the main focus of the journal that covers ceramics, cements, concretes, natural and artificial stones, soil and rock, glass, mortars and bricks, ceramic composites, cement composites, reinforced concretes, recycled materials and by-products however, a wide range of organic materials also fits to the interest of the journal including polymers, sealants, adhesives, heat insulating materials, timber, organic fibres or bio-composites.<\/p><p>Aim of the journal is to serve as bridge between academic researchers in various fields of materials science, practicing engineers and designers as well as manufacturers and fabricators.<\/p><p>All manuscripts are subject to rigorous peer review before publication to ensure their high standard both in content and presentation. The\u00a0<a href=\"\/en\/editorial-board\">Editorial Board<\/a>\u00a0aims to run the review procedure with the minimum of delay to be able to provide prompt publication.<\/p><\/div>\n\t\t\t\t<\/div>\n\t\t\t\t<\/div>\n\t\t\t\t\t\t<\/div>\n\t\t\t<\/div>\n\t\t<\/div>\n\t\t\t\t<div class=\"elementor-element elementor-element-167b15da elementor-column elementor-col-33 elementor-top-column\" data-id=\"167b15da\" data-element_type=\"column\">\n\t\t\t<div class=\"elementor-column-wrap  elementor-element-populated\">\n\t\t\t\t\t<div class=\"elementor-widget-wrap\">\n\t\t\t\t<div class=\"elementor-element elementor-element-e3ca3f8 elementor-widget elementor-widget-heading\" data-id=\"e3ca3f8\" data-element_type=\"widget\" data-widget_type=\"heading.default\">\n\t\t\t\t<div class=\"elementor-widget-container\">\n\t\t\t<h2 class=\"elementor-heading-title elementor-size-default\">Current Issues<\/h2>\t\t<\/div>\n\t\t\t\t<\/div>\n\t\t\t\t<div class=\"elementor-element elementor-element-c712001 elementor-widget elementor-widget-shortcode\" data-id=\"c712001\" data-element_type=\"widget\" data-widget_type=\"shortcode.default\">\n\t\t\t\t<div class=\"elementor-widget-container\">\n\t\t\t\t\t<div class=\"elementor-shortcode\">\t\t<div data-elementor-type=\"section\" data-elementor-id=\"14217\" class=\"elementor elementor-14217 elementor-14200\" data-elementor-settings=\"[]\">\n\t\t<div class=\"elementor-inner\">\n\t\t\t<div class=\"elementor-section-wrap\">\n\t\t\t\t\t\t<section class=\"elementor-element elementor-element-76f58e9 elementor-section-boxed elementor-section-height-default elementor-section-height-default elementor-section elementor-top-section\" data-id=\"76f58e9\" data-element_type=\"section\">\n\t\t\t\t\t\t<div class=\"elementor-container elementor-column-gap-default\">\n\t\t\t\t<div class=\"elementor-row\">\n\t\t\t\t<div class=\"elementor-element elementor-element-2dc3a7e elementor-column elementor-col-100 elementor-top-column\" data-id=\"2dc3a7e\" data-element_type=\"column\">\n\t\t\t<div class=\"elementor-column-wrap  elementor-element-populated\">\n\t\t\t\t\t<div class=\"elementor-widget-wrap\">\n\t\t\t\t<div class=\"elementor-element elementor-element-bb3883c elementor-widget elementor-widget-image\" data-id=\"bb3883c\" data-element_type=\"widget\" data-widget_type=\"image.default\">\n\t\t\t\t<div class=\"elementor-widget-container\">\n\t\t\t\t\t<div class=\"elementor-image\">\n\t\t\t\t\t\t\t\t\t\t\t<a href=\"\/en\/downloadable-issues\/\">\n\t\t\t\t\t\t\t<img width=\"1614\" height=\"2244\" src=\"https:\/\/epitoanyag.org.hu\/wp-content\/uploads\/2026\/03\/2025_03_cimlap.png\" class=\"attachment-full size-full\" alt=\"\" loading=\"lazy\" srcset=\"https:\/\/epitoanyag.org.hu\/wp-content\/uploads\/2026\/03\/2025_03_cimlap.png 1614w, https:\/\/epitoanyag.org.hu\/wp-content\/uploads\/2026\/03\/2025_03_cimlap-216x300.png 216w, https:\/\/epitoanyag.org.hu\/wp-content\/uploads\/2026\/03\/2025_03_cimlap-737x1024.png 737w, https:\/\/epitoanyag.org.hu\/wp-content\/uploads\/2026\/03\/2025_03_cimlap-768x1068.png 768w, https:\/\/epitoanyag.org.hu\/wp-content\/uploads\/2026\/03\/2025_03_cimlap-1105x1536.png 1105w, https:\/\/epitoanyag.org.hu\/wp-content\/uploads\/2026\/03\/2025_03_cimlap-1473x2048.png 1473w, https:\/\/epitoanyag.org.hu\/wp-content\/uploads\/2026\/03\/2025_03_cimlap-600x834.png 600w\" sizes=\"(max-width: 1614px) 100vw, 1614px\" \/>\t\t\t\t\t\t\t\t<\/a>\n\t\t\t\t\t\t\t\t\t\t\t<\/div>\n\t\t\t\t<\/div>\n\t\t\t\t<\/div>\n\t\t\t\t\t\t<\/div>\n\t\t\t<\/div>\n\t\t<\/div>\n\t\t\t\t\t\t<\/div>\n\t\t\t<\/div>\n\t\t<\/section>\n\t\t\t\t\t<\/div>\n\t\t<\/div>\n\t\t<\/div>\n\t\t<\/div>\n\t\t\t\t<\/div>\n\t\t\t\t<\/div>\n\t\t\t\t<div class=\"elementor-element elementor-element-22ac6213 elementor-widget elementor-widget-heading\" data-id=\"22ac6213\" data-element_type=\"widget\" data-widget_type=\"heading.default\">\n\t\t\t\t<div class=\"elementor-widget-container\">\n\t\t\t<h2 class=\"elementor-heading-title elementor-size-default\">\u00c9p\u00edt\u0151anyag-JSBCM is referred by:<\/h2>\t\t<\/div>\n\t\t\t\t<\/div>\n\t\t\t\t<div class=\"elementor-element elementor-element-34a6bd93 elementor-widget elementor-widget-text-editor\" data-id=\"34a6bd93\" data-element_type=\"widget\" data-widget_type=\"text-editor.default\">\n\t\t\t\t<div class=\"elementor-widget-container\">\n\t\t\t\t\t<div class=\"elementor-text-editor elementor-clearfix\"><a href=\"http:\/\/www.ebscohost.com\/\" target=\"_blank\" rel=\"noopener\"><img loading=\"lazy\" class=\"aligncenter\" src=\"https:\/\/epitoanyag.org.hu\/static\/upload\/ebscologofinal.png\" alt=\"\" width=\"50\" height=\"48\" \/><\/a><a href=\"http:\/\/www.proquest.com\/\" target=\"_blank\" rel=\"noopener\"><img loading=\"lazy\" class=\"aligncenter\" src=\"https:\/\/epitoanyag.org.hu\/static\/upload\/logoproquestfinal.png\" alt=\"\" width=\"80\" height=\"30\" \/><\/a><a href=\"http:\/\/mjl.clarivate.com\/cgi-bin\/jrnlst\/jlresults.cgi?PC=MASTER&amp;ISSN=*0013-970X%20\" target=\"_blank\" rel=\"noopener\"><img loading=\"lazy\" class=\"aligncenter\" src=\"https:\/\/epitoanyag.org.hu\/static\/upload\/ESCI.png\" alt=\"\" width=\"50\" height=\"49\" \/><\/a><a <\/a><a href=\"https:\/\/publons.com\/journal\/32066\/epitoanyag-journal-of-silicate-based-and-composite\/\" target=\"_blank\" rel=\"noopener\"><img loading=\"lazy\" class=\"aligncenter wp-image-14994\" src=\"https:\/\/epitoanyag.org.hu\/wp-content\/uploads\/2022\/05\/publons-logo-300x121.jpeg\" alt=\"\" width=\"106\" height=\"43\" srcset=\"https:\/\/epitoanyag.org.hu\/wp-content\/uploads\/2022\/05\/publons-logo-300x121.jpeg 300w, https:\/\/epitoanyag.org.hu\/wp-content\/uploads\/2022\/05\/publons-logo-1024x412.jpeg 1024w, https:\/\/epitoanyag.org.hu\/wp-content\/uploads\/2022\/05\/publons-logo-768x309.jpeg 768w, https:\/\/epitoanyag.org.hu\/wp-content\/uploads\/2022\/05\/publons-logo-1536x617.jpeg 1536w, https:\/\/epitoanyag.org.hu\/wp-content\/uploads\/2022\/05\/publons-logo-2048x823.jpeg 2048w, https:\/\/epitoanyag.org.hu\/wp-content\/uploads\/2022\/05\/publons-logo-600x241.jpeg 600w\" sizes=\"(max-width: 106px) 100vw, 106px\" \/>\n<\/a><a href=\"https:\/\/journals.indexcopernicus.com\/search\/details?jmlId=24781651&amp;org=Epitoanyag%20-%20Journal%20of%20Silicate%20Based%20and%20Composite%20Materials,p24781651,3.html\" target=\"_blank\" rel=\"noopener\"><img loading=\"lazy\" class=\"aligncenter\" src=\"https:\/\/epitoanyag.org.hu\/static\/upload\/index-copernicus.png\" alt=\"\" width=\"169\" height=\"35\" \/><\/a>\n<a href=\"https:\/\/scholar.google.com\/citations?hl=en&amp;view_op=search_venues&amp;vq=epitoanyag&amp;btnG=\" target=\"_blank\" rel=\"noopener\"><img loading=\"lazy\" class=\"aligncenter\" src=\"https:\/\/epitoanyag.org.hu\/static\/upload\/google-scholar-png.png\" alt=\"\" width=\"106\" height=\"30\" \/><\/a><\/div>\n\t\t\t\t<\/div>\n\t\t\t\t<\/div>\n\t\t\t\t<div class=\"elementor-element elementor-element-3f8aa73e elementor-widget elementor-widget-divider\" data-id=\"3f8aa73e\" data-element_type=\"widget\" data-widget_type=\"divider.default\">\n\t\t\t\t<div class=\"elementor-widget-container\">\n\t\t\t\t\t<div class=\"elementor-divider\">\n\t\t\t<span class=\"elementor-divider-separator\">\n\t\t\t\t\t\t<\/span>\n\t\t<\/div>\n\t\t\t\t<\/div>\n\t\t\t\t<\/div>\n\t\t\t\t<div class=\"elementor-element elementor-element-17c5460a elementor-widget elementor-widget-heading\" data-id=\"17c5460a\" data-element_type=\"widget\" data-widget_type=\"heading.default\">\n\t\t\t\t<div class=\"elementor-widget-container\">\n\t\t\t<h2 class=\"elementor-heading-title elementor-size-default\">Metrics:<\/h2>\t\t<\/div>\n\t\t\t\t<\/div>\n\t\t\t\t<div class=\"elementor-element elementor-element-6516546b elementor-widget elementor-widget-text-editor\" data-id=\"6516546b\" data-element_type=\"widget\" data-widget_type=\"text-editor.default\">\n\t\t\t\t<div class=\"elementor-widget-container\">\n\t\t\t\t\t<div class=\"elementor-text-editor elementor-clearfix\"><p><a href=\"https:\/\/scholar.google.com\/citations?hl=en&amp;view_op=search_venues&amp;vq=epitoanyag&amp;btnG=%20)\" target=\"_blank\" rel=\"noopener\">h5-index: 10<\/a>\u00a0 \u00a0 \u00a0<a href=\"https:\/\/scholar.google.com\/citations?hl=en&amp;view_op=search_venues&amp;vq=epitoanyag&amp;btnG=\" target=\"_blank\" rel=\"noopener\">h5-median: 15<\/a><\/p><p><a href=\"https:\/\/journals.indexcopernicus.com\/search\/form?search=Epitoanyag%20-%20Journal%20of%20Silicate%20Based%20and%20Composite%20Materials\" target=\"_blank\" rel=\"noopener\">Index Copernicus Value (ICV): 96.16 (2021)<\/a><\/p><p><a href=\"http:\/\/isi-impactfactor.com\/journals\/41)\" target=\"_blank\" rel=\"noopener\">ISI Impact Factor (IIF): 1.079<\/a><\/p><\/div>\n\t\t\t\t<\/div>\n\t\t\t\t<\/div>\n\t\t\t\t\t\t<\/div>\n\t\t\t<\/div>\n\t\t<\/div>\n\t\t\t\t\t\t<\/div>\n\t\t\t<\/div>\n\t\t<\/section>\n\t\t\t\t<section class=\"elementor-element elementor-element-37d5fe5b elementor-section-boxed elementor-section-height-default elementor-section-height-default elementor-section elementor-top-section\" data-id=\"37d5fe5b\" data-element_type=\"section\">\n\t\t\t\t\t\t<div class=\"elementor-container elementor-column-gap-default\">\n\t\t\t\t<div class=\"elementor-row\">\n\t\t\t\t<div class=\"elementor-element elementor-element-14285aba elementor-column elementor-col-100 elementor-top-column\" data-id=\"14285aba\" data-element_type=\"column\">\n\t\t\t<div class=\"elementor-column-wrap\">\n\t\t\t\t\t<div class=\"elementor-widget-wrap\">\n\t\t\t\t\t\t<\/div>\n\t\t\t<\/div>\n\t\t<\/div>\n\t\t\t\t\t\t<\/div>\n\t\t\t<\/div>\n\t\t<\/section>\n\t\t\t\t\t\t<\/div>\n\t\t\t<\/div>\n\t\t<\/div>\n\t\t","protected":false},"excerpt":{"rendered":"<p>Journal of the Scientific Society of the Silicate Industry Aims and Scope \u00c9p\u00edt\u0151anyag\u00a0&#8211;\u00a0Journal of\u00a0Silicate Based and Composite Materials\u00a0publishes original research papers, review articles, case studies, short communications and letters dealing with all aspects of the science and technology of ceramics and composite materials. The journal has several particular objectives. It intends to promote a better [&hellip;]<\/p>\n","protected":false},"author":1,"featured_media":0,"parent":0,"menu_order":0,"comment_status":"closed","ping_status":"closed","template":"elementor_header_footer","meta":[],"_links":{"self":[{"href":"https:\/\/epitoanyag.org.hu\/en\/wp-json\/wp\/v2\/pages\/1311"}],"collection":[{"href":"https:\/\/epitoanyag.org.hu\/en\/wp-json\/wp\/v2\/pages"}],"about":[{"href":"https:\/\/epitoanyag.org.hu\/en\/wp-json\/wp\/v2\/types\/page"}],"author":[{"embeddable":true,"href":"https:\/\/epitoanyag.org.hu\/en\/wp-json\/wp\/v2\/users\/1"}],"replies":[{"embeddable":true,"href":"https:\/\/epitoanyag.org.hu\/en\/wp-json\/wp\/v2\/comments?post=1311"}],"version-history":[{"count":8,"href":"https:\/\/epitoanyag.org.hu\/en\/wp-json\/wp\/v2\/pages\/1311\/revisions"}],"predecessor-version":[{"id":15198,"href":"https:\/\/epitoanyag.org.hu\/en\/wp-json\/wp\/v2\/pages\/1311\/revisions\/15198"}],"wp:attachment":[{"href":"https:\/\/epitoanyag.org.hu\/en\/wp-json\/wp\/v2\/media?parent=1311"}],"curies":[{"name":"wp","href":"https:\/\/api.w.org\/{rel}","templated":true}]}}