{"id":1343,"date":"2020-01-28T13:04:26","date_gmt":"2020-01-28T12:04:26","guid":{"rendered":"https:\/\/tesztepito.devsite.hu\/elerhetosegek\/"},"modified":"2025-07-02T13:02:09","modified_gmt":"2025-07-02T11:02:09","slug":"contact","status":"publish","type":"page","link":"https:\/\/epitoanyag.org.hu\/en\/contact\/","title":{"rendered":"Contact"},"content":{"rendered":"\t\t<div data-elementor-type=\"wp-page\" data-elementor-id=\"1343\" class=\"elementor elementor-1343 elementor-631\" data-elementor-settings=\"[]\">\n\t\t\t<div class=\"elementor-inner\">\n\t\t\t\t<div class=\"elementor-section-wrap\">\n\t\t\t\t\t\t\t<section class=\"elementor-element elementor-element-6c53479 elementor-section-boxed elementor-section-height-default elementor-section-height-default elementor-section elementor-top-section\" data-id=\"6c53479\" data-element_type=\"section\">\n\t\t\t\t\t\t<div class=\"elementor-container elementor-column-gap-no\">\n\t\t\t\t<div class=\"elementor-row\">\n\t\t\t\t<div class=\"elementor-element elementor-element-5436ad9 elementor-column elementor-col-50 elementor-top-column\" data-id=\"5436ad9\" data-element_type=\"column\">\n\t\t\t<div class=\"elementor-column-wrap  elementor-element-populated\">\n\t\t\t\t\t<div class=\"elementor-widget-wrap\">\n\t\t\t\t<div class=\"elementor-element elementor-element-4052dcf elementor-widget elementor-widget-text-editor\" data-id=\"4052dcf\" data-element_type=\"widget\" data-widget_type=\"text-editor.default\">\n\t\t\t\t<div class=\"elementor-widget-container\">\n\t\t\t\t\t<div class=\"elementor-text-editor elementor-clearfix\"><nav aria-label=\"breadcrumb\"><ol class=\"breadcrumb\" itemscope itemtype=\"https:\/\/schema.org\/BreadcrumbList\"><li class=\"breadcrumb-item active\" aria-current=\"page\" itemprop=\"itemListElement\" itemscope itemtype=\"https:\/\/schema.org\/ListItem\"><span itemprop=\"name\">F\u0151oldal<\/span><meta itemprop=\"position\" content=\"1\" \/><\/li><\/ol><\/nav><\/div>\n\t\t\t\t<\/div>\n\t\t\t\t<\/div>\n\t\t\t\t\t\t<\/div>\n\t\t\t<\/div>\n\t\t<\/div>\n\t\t\t\t<div class=\"elementor-element elementor-element-3938e05 elementor-column elementor-col-50 elementor-top-column\" data-id=\"3938e05\" data-element_type=\"column\">\n\t\t\t<div class=\"elementor-column-wrap  elementor-element-populated\">\n\t\t\t\t\t<div class=\"elementor-widget-wrap\">\n\t\t\t\t<div class=\"elementor-element elementor-element-a1a9e9b elementor-widget elementor-widget-heading\" data-id=\"a1a9e9b\" data-element_type=\"widget\" data-widget_type=\"heading.default\">\n\t\t\t\t<div class=\"elementor-widget-container\">\n\t\t\t<p class=\"elementor-heading-title elementor-size-default\">Journal of the Scientific Society of the Silicate Industry<\/p>\t\t<\/div>\n\t\t\t\t<\/div>\n\t\t\t\t\t\t<\/div>\n\t\t\t<\/div>\n\t\t<\/div>\n\t\t\t\t<div class=\"elementor-element elementor-element-e5aaa8f elementor-column elementor-col-50 elementor-top-column\" data-id=\"e5aaa8f\" data-element_type=\"column\">\n\t\t\t<div class=\"elementor-column-wrap  elementor-element-populated\">\n\t\t\t\t\t<div class=\"elementor-widget-wrap\">\n\t\t\t\t<div class=\"elementor-element elementor-element-7f9d6e7 elementor-widget elementor-widget-image\" data-id=\"7f9d6e7\" data-element_type=\"widget\" data-widget_type=\"image.default\">\n\t\t\t\t<div class=\"elementor-widget-container\">\n\t\t\t\t\t<div class=\"elementor-image\">\n\t\t\t\t\t\t\t\t\t\t\t<a href=\"https:\/\/szte.org.hu\/en\/\" target=\"_blank\" rel=\"nofollow\">\n\t\t\t\t\t\t\t<img width=\"14\" height=\"16\" src=\"https:\/\/epitoanyag.org.hu\/wp-content\/uploads\/2020\/02\/favicon-szte.png\" class=\"attachment-full size-full\" alt=\"\" loading=\"lazy\" \/>\t\t\t\t\t\t\t\t<\/a>\n\t\t\t\t\t\t\t\t\t\t\t<\/div>\n\t\t\t\t<\/div>\n\t\t\t\t<\/div>\n\t\t\t\t\t\t<\/div>\n\t\t\t<\/div>\n\t\t<\/div>\n\t\t\t\t\t\t<\/div>\n\t\t\t<\/div>\n\t\t<\/section>\n\t\t\t\t<section class=\"elementor-element elementor-element-1e7267f elementor-section-boxed elementor-section-height-default elementor-section-height-default elementor-section elementor-top-section\" data-id=\"1e7267f\" data-element_type=\"section\">\n\t\t\t\t\t\t<div class=\"elementor-container elementor-column-gap-wider\">\n\t\t\t\t<div class=\"elementor-row\">\n\t\t\t\t<div class=\"elementor-element elementor-element-2c731d68 elementor-column elementor-col-66 elementor-top-column\" data-id=\"2c731d68\" data-element_type=\"column\">\n\t\t\t<div class=\"elementor-column-wrap  elementor-element-populated\">\n\t\t\t\t\t<div class=\"elementor-widget-wrap\">\n\t\t\t\t<div class=\"elementor-element elementor-element-86f51b7 elementor-widget elementor-widget-spacer\" data-id=\"86f51b7\" data-element_type=\"widget\" data-widget_type=\"spacer.default\">\n\t\t\t\t<div class=\"elementor-widget-container\">\n\t\t\t\t\t<div class=\"elementor-spacer\">\n\t\t\t<div class=\"elementor-spacer-inner\"><\/div>\n\t\t<\/div>\n\t\t\t\t<\/div>\n\t\t\t\t<\/div>\n\t\t\t\t<div class=\"elementor-element elementor-element-55da894 elementor-widget elementor-widget-heading\" data-id=\"55da894\" data-element_type=\"widget\" data-widget_type=\"heading.default\">\n\t\t\t\t<div class=\"elementor-widget-container\">\n\t\t\t<h1 class=\"elementor-heading-title elementor-size-default\">Contact<\/h1>\t\t<\/div>\n\t\t\t\t<\/div>\n\t\t\t\t<div class=\"elementor-element elementor-element-455b3022 elementor-widget elementor-widget-text-editor\" data-id=\"455b3022\" data-element_type=\"widget\" data-widget_type=\"text-editor.default\">\n\t\t\t\t<div class=\"elementor-widget-container\">\n\t\t\t\t\t<div class=\"elementor-text-editor elementor-clearfix\"><table border=\"0\"><tbody><tr><td>Editor-in-chief:\u00a0\u00a0<\/td><td><strong><b>Andr\u00e1s BIR\u00d3<\/b><\/strong><\/td><\/tr><tr><td>\u00a0<\/td><td><p><a href=\"mailto:epitoanyag@szte.org.hu\" target=\"_blank\" rel=\"noopener\">epitoanyag@szte.org.hu<\/a><\/p><\/td><\/tr><\/tbody><\/table><table border=\"0\"><tbody><tr><td>Editor:\u00a0\u00a0<\/td><td><strong>Emese Mestern\u00e9 Dr. KUROVICS<\/strong><\/td><\/tr><tr><td>\u00a0<\/td><td><p><a style=\"transition-property: all;\" href=\"emese.mesterne@uni-miskolc.hu\" target=\"_blank\" rel=\"noopener\">emese.mesterne@uni-miskolc.hu<\/a><\/p><\/td><\/tr><\/tbody><\/table><table border=\"0\"><tbody><tr><td>President of the Editorial Board:\u00a0\u00a0<\/td><td><b>\u00c9va Eszter Dr. MAJOROSN\u00c9 Dr. LUBL\u00d3Y\u00a0<\/b><\/td><\/tr><tr><td>\u00a0<\/td><td><a href=\"mailto:lubloy.eva@emk.bme.hu\">lubloy.eva@emk.bme.hu<\/a><\/td><\/tr><\/tbody><\/table><p>Publisher of <strong>\u00c9p\u00edt\u0151anyag\u00a0&#8211;\u00a0Journal of\u00a0Silicate Based\u00a0and Composite Materials<\/strong><strong>\u00a0<\/strong>is the Scientific Society of the Silicate Industry.<\/p><p>H-1034 Budapest, B\u00e9csi \u00fat 122\u2013124.<\/p><p>Telephone: +36 1 201 9360<\/p><p>E-mail:\u00a0<a href=\"mailto:info@szte.org.hu\" target=\"_blank\" rel=\"noopener\">info@szte.org.hu<\/a><\/p><p>Website:\u00a0<a href=\"http:\/\/www.szte.org.hu\/\" target=\"_blank\" rel=\"noopener\">www.szte.org.hu<\/a><\/p><p><strong>ISSN 2064-4477 (online)<\/strong><\/p><p>ISSN 0013-970x (earlier print)<\/p><\/div>\n\t\t\t\t<\/div>\n\t\t\t\t<\/div>\n\t\t\t\t\t\t<\/div>\n\t\t\t<\/div>\n\t\t<\/div>\n\t\t\t\t<div class=\"elementor-element elementor-element-288c1715 elementor-column elementor-col-33 elementor-top-column\" data-id=\"288c1715\" data-element_type=\"column\">\n\t\t\t<div class=\"elementor-column-wrap  elementor-element-populated\">\n\t\t\t\t\t<div class=\"elementor-widget-wrap\">\n\t\t\t\t<div class=\"elementor-element elementor-element-7a666c5 elementor-widget elementor-widget-heading\" data-id=\"7a666c5\" data-element_type=\"widget\" data-widget_type=\"heading.default\">\n\t\t\t\t<div class=\"elementor-widget-container\">\n\t\t\t<h2 class=\"elementor-heading-title elementor-size-default\">Current Issues<\/h2>\t\t<\/div>\n\t\t\t\t<\/div>\n\t\t\t\t<div class=\"elementor-element elementor-element-b1cc0ef elementor-widget elementor-widget-shortcode\" data-id=\"b1cc0ef\" data-element_type=\"widget\" data-widget_type=\"shortcode.default\">\n\t\t\t\t<div class=\"elementor-widget-container\">\n\t\t\t\t\t<div class=\"elementor-shortcode\">\t\t<div data-elementor-type=\"section\" data-elementor-id=\"14217\" class=\"elementor elementor-14217 elementor-14200\" data-elementor-settings=\"[]\">\n\t\t<div class=\"elementor-inner\">\n\t\t\t<div class=\"elementor-section-wrap\">\n\t\t\t\t\t\t<section class=\"elementor-element elementor-element-76f58e9 elementor-section-boxed elementor-section-height-default elementor-section-height-default elementor-section elementor-top-section\" data-id=\"76f58e9\" data-element_type=\"section\">\n\t\t\t\t\t\t<div class=\"elementor-container elementor-column-gap-default\">\n\t\t\t\t<div class=\"elementor-row\">\n\t\t\t\t<div class=\"elementor-element elementor-element-2dc3a7e elementor-column elementor-col-100 elementor-top-column\" data-id=\"2dc3a7e\" data-element_type=\"column\">\n\t\t\t<div class=\"elementor-column-wrap  elementor-element-populated\">\n\t\t\t\t\t<div class=\"elementor-widget-wrap\">\n\t\t\t\t<div class=\"elementor-element elementor-element-bb3883c elementor-widget elementor-widget-image\" data-id=\"bb3883c\" data-element_type=\"widget\" data-widget_type=\"image.default\">\n\t\t\t\t<div class=\"elementor-widget-container\">\n\t\t\t\t\t<div class=\"elementor-image\">\n\t\t\t\t\t\t\t\t\t\t\t<a href=\"\/en\/downloadable-issues\/\">\n\t\t\t\t\t\t\t<img width=\"1614\" height=\"2244\" src=\"https:\/\/epitoanyag.org.hu\/wp-content\/uploads\/2026\/03\/2025_03_cimlap.png\" class=\"attachment-full size-full\" alt=\"\" loading=\"lazy\" srcset=\"https:\/\/epitoanyag.org.hu\/wp-content\/uploads\/2026\/03\/2025_03_cimlap.png 1614w, https:\/\/epitoanyag.org.hu\/wp-content\/uploads\/2026\/03\/2025_03_cimlap-216x300.png 216w, https:\/\/epitoanyag.org.hu\/wp-content\/uploads\/2026\/03\/2025_03_cimlap-737x1024.png 737w, https:\/\/epitoanyag.org.hu\/wp-content\/uploads\/2026\/03\/2025_03_cimlap-768x1068.png 768w, https:\/\/epitoanyag.org.hu\/wp-content\/uploads\/2026\/03\/2025_03_cimlap-1105x1536.png 1105w, https:\/\/epitoanyag.org.hu\/wp-content\/uploads\/2026\/03\/2025_03_cimlap-1473x2048.png 1473w, https:\/\/epitoanyag.org.hu\/wp-content\/uploads\/2026\/03\/2025_03_cimlap-600x834.png 600w\" sizes=\"(max-width: 1614px) 100vw, 1614px\" \/>\t\t\t\t\t\t\t\t<\/a>\n\t\t\t\t\t\t\t\t\t\t\t<\/div>\n\t\t\t\t<\/div>\n\t\t\t\t<\/div>\n\t\t\t\t\t\t<\/div>\n\t\t\t<\/div>\n\t\t<\/div>\n\t\t\t\t\t\t<\/div>\n\t\t\t<\/div>\n\t\t<\/section>\n\t\t\t\t\t<\/div>\n\t\t<\/div>\n\t\t<\/div>\n\t\t<\/div>\n\t\t\t\t<\/div>\n\t\t\t\t<\/div>\n\t\t\t\t<div class=\"elementor-element elementor-element-f4b9aec elementor-widget elementor-widget-heading\" data-id=\"f4b9aec\" data-element_type=\"widget\" data-widget_type=\"heading.default\">\n\t\t\t\t<div class=\"elementor-widget-container\">\n\t\t\t<h2 class=\"elementor-heading-title elementor-size-default\">\u00c9p\u00edt\u0151anyag-JSBCM is referred by:<\/h2>\t\t<\/div>\n\t\t\t\t<\/div>\n\t\t\t\t<div class=\"elementor-element elementor-element-7c11b941 elementor-widget elementor-widget-text-editor\" data-id=\"7c11b941\" data-element_type=\"widget\" data-widget_type=\"text-editor.default\">\n\t\t\t\t<div class=\"elementor-widget-container\">\n\t\t\t\t\t<div class=\"elementor-text-editor elementor-clearfix\"><a href=\"http:\/\/www.ebscohost.com\/\" target=\"_blank\" rel=\"noopener\"><img loading=\"lazy\" class=\"aligncenter\" src=\"https:\/\/epitoanyag.org.hu\/static\/upload\/ebscologofinal.png\" alt=\"\" width=\"50\" height=\"48\" \/><\/a><a href=\"http:\/\/www.proquest.com\/\" target=\"_blank\" rel=\"noopener\"><img loading=\"lazy\" class=\"aligncenter\" src=\"https:\/\/epitoanyag.org.hu\/static\/upload\/logoproquestfinal.png\" alt=\"\" width=\"80\" height=\"30\" \/><\/a><a href=\"http:\/\/mjl.clarivate.com\/cgi-bin\/jrnlst\/jlresults.cgi?PC=MASTER&amp;ISSN=*0013-970X%20\" target=\"_blank\" rel=\"noopener\"><img loading=\"lazy\" class=\"aligncenter\" src=\"https:\/\/epitoanyag.org.hu\/static\/upload\/ESCI.png\" alt=\"\" width=\"50\" height=\"49\" \/><\/a><a <\/a><a href=\"https:\/\/publons.com\/journal\/32066\/epitoanyag-journal-of-silicate-based-and-composite\/\" target=\"_blank\" rel=\"noopener\"><img loading=\"lazy\" class=\"aligncenter wp-image-14994\" src=\"https:\/\/epitoanyag.org.hu\/wp-content\/uploads\/2022\/05\/publons-logo-300x121.jpeg\" alt=\"\" width=\"106\" height=\"43\" srcset=\"https:\/\/epitoanyag.org.hu\/wp-content\/uploads\/2022\/05\/publons-logo-300x121.jpeg 300w, https:\/\/epitoanyag.org.hu\/wp-content\/uploads\/2022\/05\/publons-logo-1024x412.jpeg 1024w, https:\/\/epitoanyag.org.hu\/wp-content\/uploads\/2022\/05\/publons-logo-768x309.jpeg 768w, https:\/\/epitoanyag.org.hu\/wp-content\/uploads\/2022\/05\/publons-logo-1536x617.jpeg 1536w, https:\/\/epitoanyag.org.hu\/wp-content\/uploads\/2022\/05\/publons-logo-2048x823.jpeg 2048w, https:\/\/epitoanyag.org.hu\/wp-content\/uploads\/2022\/05\/publons-logo-600x241.jpeg 600w\" sizes=\"(max-width: 106px) 100vw, 106px\" \/>\n<\/a><a href=\"https:\/\/journals.indexcopernicus.com\/search\/details?jmlId=24781651&amp;org=Epitoanyag%20-%20Journal%20of%20Silicate%20Based%20and%20Composite%20Materials,p24781651,3.html\" target=\"_blank\" rel=\"noopener\"><img loading=\"lazy\" class=\"aligncenter\" src=\"https:\/\/epitoanyag.org.hu\/static\/upload\/index-copernicus.png\" alt=\"\" width=\"169\" height=\"35\" \/><\/a>\n<a href=\"https:\/\/scholar.google.com\/citations?hl=en&amp;view_op=search_venues&amp;vq=epitoanyag&amp;btnG=\" target=\"_blank\" rel=\"noopener\"><img loading=\"lazy\" class=\"aligncenter\" src=\"https:\/\/epitoanyag.org.hu\/static\/upload\/google-scholar-png.png\" alt=\"\" width=\"106\" height=\"30\" \/><\/a><\/div>\n\t\t\t\t<\/div>\n\t\t\t\t<\/div>\n\t\t\t\t<div class=\"elementor-element elementor-element-261ffaa5 elementor-widget elementor-widget-divider\" data-id=\"261ffaa5\" data-element_type=\"widget\" data-widget_type=\"divider.default\">\n\t\t\t\t<div class=\"elementor-widget-container\">\n\t\t\t\t\t<div class=\"elementor-divider\">\n\t\t\t<span class=\"elementor-divider-separator\">\n\t\t\t\t\t\t<\/span>\n\t\t<\/div>\n\t\t\t\t<\/div>\n\t\t\t\t<\/div>\n\t\t\t\t<div class=\"elementor-element elementor-element-14d82fc elementor-widget elementor-widget-heading\" data-id=\"14d82fc\" data-element_type=\"widget\" data-widget_type=\"heading.default\">\n\t\t\t\t<div class=\"elementor-widget-container\">\n\t\t\t<h2 class=\"elementor-heading-title elementor-size-default\">Metrics:<\/h2>\t\t<\/div>\n\t\t\t\t<\/div>\n\t\t\t\t<div class=\"elementor-element elementor-element-19b4d17 elementor-widget elementor-widget-text-editor\" data-id=\"19b4d17\" data-element_type=\"widget\" data-widget_type=\"text-editor.default\">\n\t\t\t\t<div class=\"elementor-widget-container\">\n\t\t\t\t\t<div class=\"elementor-text-editor elementor-clearfix\"><p><a href=\"https:\/\/scholar.google.com\/citations?hl=en&amp;view_op=search_venues&amp;vq=epitoanyag&amp;btnG=%20)\" target=\"_blank\" rel=\"noopener\">h5-index: 10<\/a>\u00a0 \u00a0 \u00a0<a href=\"https:\/\/scholar.google.com\/citations?hl=en&amp;view_op=search_venues&amp;vq=epitoanyag&amp;btnG=\" target=\"_blank\" rel=\"noopener\">h5-median: 15<\/a><\/p><p><a href=\"https:\/\/journals.indexcopernicus.com\/search\/form?search=Epitoanyag%20-%20Journal%20of%20Silicate%20Based%20and%20Composite%20Materials\" target=\"_blank\" rel=\"noopener\">Index Copernicus Value (ICV): 96.16 (2021)<\/a><\/p><p><a href=\"http:\/\/isi-impactfactor.com\/journals\/41)\" target=\"_blank\" rel=\"noopener\">ISI Impact Factor (IIF): 1.079<\/a><\/p><\/div>\n\t\t\t\t<\/div>\n\t\t\t\t<\/div>\n\t\t\t\t\t\t<\/div>\n\t\t\t<\/div>\n\t\t<\/div>\n\t\t\t\t\t\t<\/div>\n\t\t\t<\/div>\n\t\t<\/section>\n\t\t\t\t<section class=\"elementor-element elementor-element-5e70cf4f elementor-section-boxed elementor-section-height-default elementor-section-height-default elementor-section elementor-top-section\" data-id=\"5e70cf4f\" data-element_type=\"section\">\n\t\t\t\t\t\t<div class=\"elementor-container elementor-column-gap-default\">\n\t\t\t\t<div class=\"elementor-row\">\n\t\t\t\t<div class=\"elementor-element elementor-element-707f797a elementor-column elementor-col-100 elementor-top-column\" data-id=\"707f797a\" data-element_type=\"column\">\n\t\t\t<div class=\"elementor-column-wrap\">\n\t\t\t\t\t<div class=\"elementor-widget-wrap\">\n\t\t\t\t\t\t<\/div>\n\t\t\t<\/div>\n\t\t<\/div>\n\t\t\t\t\t\t<\/div>\n\t\t\t<\/div>\n\t\t<\/section>\n\t\t\t\t\t\t<\/div>\n\t\t\t<\/div>\n\t\t<\/div>\n\t\t","protected":false},"excerpt":{"rendered":"<p>Journal of the Scientific Society of the Silicate Industry Contact Editor-in-chief:\u00a0\u00a0 Andr\u00e1s BIR\u00d3 \u00a0 epitoanyag@szte.org.hu Editor:\u00a0\u00a0 Emese Mestern\u00e9 Dr. KUROVICS \u00a0 emese.mesterne@uni-miskolc.hu President of the Editorial Board:\u00a0\u00a0 \u00c9va Eszter Dr. MAJOROSN\u00c9 Dr. LUBL\u00d3Y\u00a0 \u00a0 lubloy.eva@emk.bme.hu Publisher of \u00c9p\u00edt\u0151anyag\u00a0&#8211;\u00a0Journal of\u00a0Silicate Based\u00a0and Composite Materials\u00a0is the Scientific Society of the Silicate Industry. H-1034 Budapest, B\u00e9csi \u00fat 122\u2013124. Telephone: [&hellip;]<\/p>\n","protected":false},"author":1,"featured_media":0,"parent":0,"menu_order":0,"comment_status":"closed","ping_status":"closed","template":"elementor_header_footer","meta":[],"_links":{"self":[{"href":"https:\/\/epitoanyag.org.hu\/en\/wp-json\/wp\/v2\/pages\/1343"}],"collection":[{"href":"https:\/\/epitoanyag.org.hu\/en\/wp-json\/wp\/v2\/pages"}],"about":[{"href":"https:\/\/epitoanyag.org.hu\/en\/wp-json\/wp\/v2\/types\/page"}],"author":[{"embeddable":true,"href":"https:\/\/epitoanyag.org.hu\/en\/wp-json\/wp\/v2\/users\/1"}],"replies":[{"embeddable":true,"href":"https:\/\/epitoanyag.org.hu\/en\/wp-json\/wp\/v2\/comments?post=1343"}],"version-history":[{"count":13,"href":"https:\/\/epitoanyag.org.hu\/en\/wp-json\/wp\/v2\/pages\/1343\/revisions"}],"predecessor-version":[{"id":15665,"href":"https:\/\/epitoanyag.org.hu\/en\/wp-json\/wp\/v2\/pages\/1343\/revisions\/15665"}],"wp:attachment":[{"href":"https:\/\/epitoanyag.org.hu\/en\/wp-json\/wp\/v2\/media?parent=1343"}],"curies":[{"name":"wp","href":"https:\/\/api.w.org\/{rel}","templated":true}]}}