{"id":1359,"date":"2020-01-28T13:06:24","date_gmt":"2020-01-28T12:06:24","guid":{"rendered":"https:\/\/tesztepito.devsite.hu\/kezirat-keszitese\/"},"modified":"2023-01-17T20:32:03","modified_gmt":"2023-01-17T18:32:03","slug":"instruction-for-authors","status":"publish","type":"page","link":"https:\/\/epitoanyag.org.hu\/en\/instruction-for-authors\/","title":{"rendered":"Instruction for Authors"},"content":{"rendered":"\t\t<div data-elementor-type=\"wp-page\" data-elementor-id=\"1359\" class=\"elementor elementor-1359\" data-elementor-settings=\"[]\">\n\t\t\t<div class=\"elementor-inner\">\n\t\t\t\t<div class=\"elementor-section-wrap\">\n\t\t\t\t\t\t\t<section class=\"elementor-element elementor-element-3379f5c elementor-section-boxed elementor-section-height-default elementor-section-height-default elementor-section elementor-top-section\" data-id=\"3379f5c\" data-element_type=\"section\">\n\t\t\t\t\t\t<div class=\"elementor-container elementor-column-gap-no\">\n\t\t\t\t<div class=\"elementor-row\">\n\t\t\t\t<div class=\"elementor-element elementor-element-b9b1c0a elementor-column elementor-col-50 elementor-top-column\" data-id=\"b9b1c0a\" data-element_type=\"column\">\n\t\t\t<div class=\"elementor-column-wrap  elementor-element-populated\">\n\t\t\t\t\t<div class=\"elementor-widget-wrap\">\n\t\t\t\t<div class=\"elementor-element elementor-element-c27b949 elementor-widget elementor-widget-text-editor\" data-id=\"c27b949\" data-element_type=\"widget\" data-widget_type=\"text-editor.default\">\n\t\t\t\t<div class=\"elementor-widget-container\">\n\t\t\t\t\t<div class=\"elementor-text-editor elementor-clearfix\"><nav aria-label=\"breadcrumb\"><ol class=\"breadcrumb\" itemscope itemtype=\"https:\/\/schema.org\/BreadcrumbList\"><li class=\"breadcrumb-item active\" aria-current=\"page\" itemprop=\"itemListElement\" itemscope itemtype=\"https:\/\/schema.org\/ListItem\"><span itemprop=\"name\">F\u0151oldal<\/span><meta itemprop=\"position\" content=\"1\" \/><\/li><\/ol><\/nav><\/div>\n\t\t\t\t<\/div>\n\t\t\t\t<\/div>\n\t\t\t\t\t\t<\/div>\n\t\t\t<\/div>\n\t\t<\/div>\n\t\t\t\t<div class=\"elementor-element elementor-element-39693c8 elementor-column elementor-col-50 elementor-top-column\" data-id=\"39693c8\" data-element_type=\"column\">\n\t\t\t<div class=\"elementor-column-wrap  elementor-element-populated\">\n\t\t\t\t\t<div class=\"elementor-widget-wrap\">\n\t\t\t\t<div class=\"elementor-element elementor-element-7711e71 elementor-widget elementor-widget-heading\" data-id=\"7711e71\" data-element_type=\"widget\" data-widget_type=\"heading.default\">\n\t\t\t\t<div class=\"elementor-widget-container\">\n\t\t\t<p class=\"elementor-heading-title elementor-size-default\">Journal of the Scientific Society of the Silicate Industry<\/p>\t\t<\/div>\n\t\t\t\t<\/div>\n\t\t\t\t\t\t<\/div>\n\t\t\t<\/div>\n\t\t<\/div>\n\t\t\t\t<div class=\"elementor-element elementor-element-0edf488 elementor-column elementor-col-50 elementor-top-column\" data-id=\"0edf488\" data-element_type=\"column\">\n\t\t\t<div class=\"elementor-column-wrap  elementor-element-populated\">\n\t\t\t\t\t<div class=\"elementor-widget-wrap\">\n\t\t\t\t<div class=\"elementor-element elementor-element-a2bce3b elementor-widget elementor-widget-image\" data-id=\"a2bce3b\" data-element_type=\"widget\" data-widget_type=\"image.default\">\n\t\t\t\t<div class=\"elementor-widget-container\">\n\t\t\t\t\t<div class=\"elementor-image\">\n\t\t\t\t\t\t\t\t\t\t\t<a href=\"https:\/\/szte.org.hu\/en\/\" target=\"_blank\" rel=\"nofollow\">\n\t\t\t\t\t\t\t<img width=\"14\" height=\"16\" src=\"https:\/\/epitoanyag.org.hu\/wp-content\/uploads\/2020\/02\/favicon-szte.png\" class=\"attachment-full size-full\" alt=\"\" loading=\"lazy\" \/>\t\t\t\t\t\t\t\t<\/a>\n\t\t\t\t\t\t\t\t\t\t\t<\/div>\n\t\t\t\t<\/div>\n\t\t\t\t<\/div>\n\t\t\t\t\t\t<\/div>\n\t\t\t<\/div>\n\t\t<\/div>\n\t\t\t\t\t\t<\/div>\n\t\t\t<\/div>\n\t\t<\/section>\n\t\t\t\t<section class=\"elementor-element elementor-element-97e4ab5 elementor-section-boxed elementor-section-height-default elementor-section-height-default elementor-section elementor-top-section\" data-id=\"97e4ab5\" data-element_type=\"section\">\n\t\t\t\t\t\t<div class=\"elementor-container elementor-column-gap-wider\">\n\t\t\t\t<div class=\"elementor-row\">\n\t\t\t\t<div class=\"elementor-element elementor-element-5cd3e7c2 elementor-column elementor-col-66 elementor-top-column\" data-id=\"5cd3e7c2\" data-element_type=\"column\">\n\t\t\t<div class=\"elementor-column-wrap  elementor-element-populated\">\n\t\t\t\t\t<div class=\"elementor-widget-wrap\">\n\t\t\t\t<div class=\"elementor-element elementor-element-1bf01ef elementor-widget elementor-widget-spacer\" data-id=\"1bf01ef\" data-element_type=\"widget\" data-widget_type=\"spacer.default\">\n\t\t\t\t<div class=\"elementor-widget-container\">\n\t\t\t\t\t<div class=\"elementor-spacer\">\n\t\t\t<div class=\"elementor-spacer-inner\"><\/div>\n\t\t<\/div>\n\t\t\t\t<\/div>\n\t\t\t\t<\/div>\n\t\t\t\t<div class=\"elementor-element elementor-element-542e7eec elementor-widget elementor-widget-heading\" data-id=\"542e7eec\" data-element_type=\"widget\" data-widget_type=\"heading.default\">\n\t\t\t\t<div class=\"elementor-widget-container\">\n\t\t\t<h1 class=\"elementor-heading-title elementor-size-default\">Instruction for Authors\n<\/h1>\t\t<\/div>\n\t\t\t\t<\/div>\n\t\t\t\t<div class=\"elementor-element elementor-element-54bf5317 elementor-widget elementor-widget-text-editor\" data-id=\"54bf5317\" data-element_type=\"widget\" data-widget_type=\"text-editor.default\">\n\t\t\t\t<div class=\"elementor-widget-container\">\n\t\t\t\t\t<div class=\"elementor-text-editor elementor-clearfix\"><p><strong>Download<\/strong><strong>\u00a0<\/strong><a href=\"https:\/\/epitoanyag.org.hu\/wp-content\/uploads\/2022\/08\/EPA-guideline-for-authors.docx\" target=\"_blank\" rel=\"noopener\"><strong>GUIDELINE FOR AUTHORS.<\/strong><\/a><\/p><p>Manuscripts are welcome to the\u00a0<strong>\u00c9p\u00edt\u0151anyag &#8211; Journal of Silicate Based and Composite Materials<\/strong>\u00a0that suit to the\u00a0<a href=\"\/en\/aims-and-scope\">profile<\/a>\u00a0of the journal, and contain useful and interesting information for the construction materials industry.<\/p><p>We kindly ask the authors to prepare their manuscripts covering the following parts:<\/p><ul><li>Title, authors&#8217; names, workplaces, e-mail addresses;<\/li><li>Abstract, keywords;<\/li><li>Main text;<\/li><li>Acknowledgements (optional);<\/li><li>References;<\/li><li>Figures, photos with notes;<\/li><li>Tables with notes;<\/li><li>Short biography (information on the scientific activity of the authors).<\/li><\/ul><p>The full manuscript should not be more than 6 pages including figures, photos and tables. Settings of the word document are: 3 cm margin up and down, 2,5 cm margin left and right. Paper size: A4. Letter size 10 pt, type: Times New Roman. Lines: simple, justified.<\/p><p>TITLE, AUTHORS<br \/>The title of the manuscript should be short and objective.<br \/>Under the title the name of the author(s), workplaces, e-mail addresses are given.<br \/>If the text originally was a presentation or poster at a conference, it should be indicated.<\/p><p>ABSTRACT, KEYWORDS<br \/>The abstract is a short summary of the manuscript, in about a half page length. The author should provide keywords to the manuscript.<\/p><p>MAIN TEXT<br \/>Contains literature review and research significance, aims of the study, materials and experimental methods, new results and discussion, conclusions.<\/p><p>REFERENCES<br \/>References are indicated with numbers, e.g. [6], and a bibliography is made by the reference&#8217;s order.<br \/>Examples:<\/p><ul><li>Journals: Mohamed, K. R., El-Rashidy, Z. M., Salama, A. A. (2011) In vitro properties of nano-hydroxyapatite\/chitosan biocomposites.\u00a0<em>Ceramics International<\/em>. Vol. 37, No.8, December 2011, pp. 3265\u20133271,\u00a0<a href=\"http:\/\/dx.doi.org\/10.1016\/j.ceramint.2011.05.121\">http:\/\/dx.doi.org\/10.1016\/j.ceramint.2011.05.121<\/a><\/li><li>Books: Chawla, K. K. (2012) Composite Materials.\u00a0<em>Springer Science + Business Media LLC<\/em>, New York, 542 p.<\/li><\/ul><p>FIGURES, TABLES<br \/>All drawings, diagrams and photos are figures. The text should contain references to all figures and tables. This shows the place of the figure in the text. Please send all the figures in separate files, and do not include them as a part of the text. All figures and tables should have a title.<br \/>Please note that the journal is\u00a0<strong>color<\/strong>, therefore, color figures are preferred (black-and-white is also acceptable).<br \/>The figures should be provided in TIFF, JPG or EPS formats, 300 dpi at least, photos are 600 dpi at least.<\/p><p>BIOGRAPHY<br \/>Max. 500 character size professional biography of the author(s).<\/p><p>REVIEW<br \/>The Editorial Board reviews the manuscripts and informs the authors about the suggested modifications. Since the author is responsible for the content of the article, the author is not liable to accept modifications.<\/p><p>CONTACT<br \/>Please send the manuscript to the following e-mail address:\u00a0<a href=\"mailto:epitoanyag@szte.org.hu\" target=\"_blank\" rel=\"noopener\">epitoanyag@szte.org.hu<\/a>.<\/p><p>Authors are suggested to give their e-mail and postal address together with their telephone numbers for the possible prompt contact with the Editorial Board.<\/p><h3>Submit your paper<\/h3><p>Authors are asked to submit their written contributions to\u00a0<strong>\u00c9p\u00edt\u0151anyag &#8211; Journal of Silicate Based and Composite Materials<\/strong>\u00a0electronically to the following e-mail address:<\/p><p><a href=\"mailto:epitoanyag@szte.org.hu\">epitoanyag@szte.org.hu<\/a><\/p><p>The Peer Review protocol at\u00a0<strong>\u00c9p\u00edt\u0151anyag \u2013 Journal of Silicate Based and Composite Materials<\/strong>\u00a0is the following. The Editor-in-Chief reviews first the submitted manuscripts and filter out poor quality submissions to exclude substandard research from the process. Remaining submissions are sent to two referees (leading experts in the field) for detailed, single-blind review. Referees are members of the\u00a0<a href=\"http:\/\/en.epitoanyag.org.hu\/about-journal\/editorial-board\">Editorial Board<\/a>\u00a0or delegated for review by the Editor-in-Chief. Referees are allowed to approve, reject or send back the manuscripts to the Editor-in-Chief with recommendations for improvements. Referees make their reviews independently, they are not aware of each other&#8217;s identity and do not consult with each other. The Editor-in-Chief passes the reviewed manuscripts, along with the comments, back to the authors for correction. Resubmitted corrected manuscripts are needed to be accepted by the same two referees before publication. Manuscripts are not returned to authors for the second time; if the review is not successful then the manuscript is rejected. Direct conversation between authors and referees is possible under the supervision of the Editor-in-Chief only if all agree. Final decision about acceptance is made by the Editor-in-Chief &#8211; after consultation with the President of the Editorial Board if the two referees disagree in their reviews. After decision, no plaint is possible. Plagiarism has zero tolerance at \u00c9p\u00edt\u0151anyag \u2013 Journal of Silicate Based and Composite Materials. In case of plagiarism, authors are banned from manuscript submission for 12 months.<\/p><p><strong>Copyright<\/strong><\/p><p>Authors must sign the\u00a0<a href=\"http:\/\/en.epitoanyag.org.hu\/static\/upload\/copyright-transfer-agreement-2019.pdf\" target=\"_blank\" rel=\"noopener\">Copyright Transfer Agreement<\/a>\u00a0before the paper is published. The Copyright Transfer Agreement enables SZTE to protect the copyrighted material for the authors, but does not relinquish the author&#8217;s proprietary rights. Authors are responsible for obtaining permission to reproduce any figure for which copyright exists from the copyright holder.<\/p><p><strong>\u00c9p\u00edt\u0151anyag \u2013 Journal of Silicate Based and Composite Materials<\/strong>\u00a0allows authors to make copies of their published papers in institutional or open access repositories (where Creative Commons Licence Attribution-NonCommercial, CC BY-NC applies) either with:<\/p><ul><li>placing a link to the PDF file at \u00c9p\u00edt\u0151anyag \u2013 Journal of Silicate Based and Composite Materials homepage or<\/li><li>placing the PDF file of the final print.<\/li><\/ul><p><img loading=\"lazy\" class=\"alignleft wp-image-1259\" src=\"https:\/\/epitoanyag.devsite.hu\/wp-content\/uploads\/2020\/02\/cc-by-nc.png\" alt=\"\" width=\"123\" height=\"43\" \/><\/p><div>\u00a0<\/div><\/div>\n\t\t\t\t<\/div>\n\t\t\t\t<\/div>\n\t\t\t\t\t\t<\/div>\n\t\t\t<\/div>\n\t\t<\/div>\n\t\t\t\t<div class=\"elementor-element elementor-element-4d83c5d4 elementor-column elementor-col-33 elementor-top-column\" data-id=\"4d83c5d4\" data-element_type=\"column\">\n\t\t\t<div class=\"elementor-column-wrap  elementor-element-populated\">\n\t\t\t\t\t<div class=\"elementor-widget-wrap\">\n\t\t\t\t<div class=\"elementor-element elementor-element-8bedbfb elementor-widget elementor-widget-heading\" data-id=\"8bedbfb\" data-element_type=\"widget\" data-widget_type=\"heading.default\">\n\t\t\t\t<div class=\"elementor-widget-container\">\n\t\t\t<h2 class=\"elementor-heading-title elementor-size-default\">Current Issues<\/h2>\t\t<\/div>\n\t\t\t\t<\/div>\n\t\t\t\t<div class=\"elementor-element elementor-element-c2cef28 elementor-widget elementor-widget-shortcode\" data-id=\"c2cef28\" data-element_type=\"widget\" data-widget_type=\"shortcode.default\">\n\t\t\t\t<div class=\"elementor-widget-container\">\n\t\t\t\t\t<div class=\"elementor-shortcode\">\t\t<div data-elementor-type=\"section\" data-elementor-id=\"14217\" class=\"elementor elementor-14217 elementor-14200\" data-elementor-settings=\"[]\">\n\t\t<div class=\"elementor-inner\">\n\t\t\t<div class=\"elementor-section-wrap\">\n\t\t\t\t\t\t<section class=\"elementor-element elementor-element-76f58e9 elementor-section-boxed elementor-section-height-default elementor-section-height-default elementor-section elementor-top-section\" data-id=\"76f58e9\" data-element_type=\"section\">\n\t\t\t\t\t\t<div class=\"elementor-container elementor-column-gap-default\">\n\t\t\t\t<div class=\"elementor-row\">\n\t\t\t\t<div class=\"elementor-element elementor-element-2dc3a7e elementor-column elementor-col-100 elementor-top-column\" data-id=\"2dc3a7e\" data-element_type=\"column\">\n\t\t\t<div class=\"elementor-column-wrap  elementor-element-populated\">\n\t\t\t\t\t<div class=\"elementor-widget-wrap\">\n\t\t\t\t<div class=\"elementor-element elementor-element-bb3883c elementor-widget elementor-widget-image\" data-id=\"bb3883c\" data-element_type=\"widget\" data-widget_type=\"image.default\">\n\t\t\t\t<div class=\"elementor-widget-container\">\n\t\t\t\t\t<div class=\"elementor-image\">\n\t\t\t\t\t\t\t\t\t\t\t<a href=\"\/en\/downloadable-issues\/\">\n\t\t\t\t\t\t\t<img width=\"1614\" height=\"2244\" src=\"https:\/\/epitoanyag.org.hu\/wp-content\/uploads\/2026\/03\/2025_03_cimlap.png\" class=\"attachment-full size-full\" alt=\"\" loading=\"lazy\" srcset=\"https:\/\/epitoanyag.org.hu\/wp-content\/uploads\/2026\/03\/2025_03_cimlap.png 1614w, https:\/\/epitoanyag.org.hu\/wp-content\/uploads\/2026\/03\/2025_03_cimlap-216x300.png 216w, https:\/\/epitoanyag.org.hu\/wp-content\/uploads\/2026\/03\/2025_03_cimlap-737x1024.png 737w, https:\/\/epitoanyag.org.hu\/wp-content\/uploads\/2026\/03\/2025_03_cimlap-768x1068.png 768w, https:\/\/epitoanyag.org.hu\/wp-content\/uploads\/2026\/03\/2025_03_cimlap-1105x1536.png 1105w, https:\/\/epitoanyag.org.hu\/wp-content\/uploads\/2026\/03\/2025_03_cimlap-1473x2048.png 1473w, https:\/\/epitoanyag.org.hu\/wp-content\/uploads\/2026\/03\/2025_03_cimlap-600x834.png 600w\" sizes=\"(max-width: 1614px) 100vw, 1614px\" \/>\t\t\t\t\t\t\t\t<\/a>\n\t\t\t\t\t\t\t\t\t\t\t<\/div>\n\t\t\t\t<\/div>\n\t\t\t\t<\/div>\n\t\t\t\t\t\t<\/div>\n\t\t\t<\/div>\n\t\t<\/div>\n\t\t\t\t\t\t<\/div>\n\t\t\t<\/div>\n\t\t<\/section>\n\t\t\t\t\t<\/div>\n\t\t<\/div>\n\t\t<\/div>\n\t\t<\/div>\n\t\t\t\t<\/div>\n\t\t\t\t<\/div>\n\t\t\t\t<div class=\"elementor-element elementor-element-8a2f935 elementor-widget elementor-widget-heading\" data-id=\"8a2f935\" data-element_type=\"widget\" data-widget_type=\"heading.default\">\n\t\t\t\t<div class=\"elementor-widget-container\">\n\t\t\t<h2 class=\"elementor-heading-title elementor-size-default\">\u00c9p\u00edt\u0151anyag-JSBCM is referred by:<\/h2>\t\t<\/div>\n\t\t\t\t<\/div>\n\t\t\t\t<div class=\"elementor-element elementor-element-10f5f8cf elementor-widget elementor-widget-text-editor\" data-id=\"10f5f8cf\" data-element_type=\"widget\" data-widget_type=\"text-editor.default\">\n\t\t\t\t<div class=\"elementor-widget-container\">\n\t\t\t\t\t<div class=\"elementor-text-editor elementor-clearfix\"><a href=\"http:\/\/www.ebscohost.com\/\" target=\"_blank\" rel=\"noopener\"><img loading=\"lazy\" class=\"aligncenter\" src=\"https:\/\/epitoanyag.org.hu\/static\/upload\/ebscologofinal.png\" alt=\"\" width=\"50\" height=\"48\" \/><\/a><a href=\"http:\/\/www.proquest.com\/\" target=\"_blank\" rel=\"noopener\"><img loading=\"lazy\" class=\"aligncenter\" src=\"https:\/\/epitoanyag.org.hu\/static\/upload\/logoproquestfinal.png\" alt=\"\" width=\"80\" height=\"30\" \/><\/a><a href=\"http:\/\/mjl.clarivate.com\/cgi-bin\/jrnlst\/jlresults.cgi?PC=MASTER&amp;ISSN=*0013-970X%20\" target=\"_blank\" rel=\"noopener\"><img loading=\"lazy\" class=\"aligncenter\" src=\"https:\/\/epitoanyag.org.hu\/static\/upload\/ESCI.png\" alt=\"\" width=\"50\" height=\"49\" \/><\/a><a <\/a><a href=\"https:\/\/publons.com\/journal\/32066\/epitoanyag-journal-of-silicate-based-and-composite\/\" target=\"_blank\" rel=\"noopener\"><img loading=\"lazy\" class=\"aligncenter wp-image-14994\" src=\"https:\/\/epitoanyag.org.hu\/wp-content\/uploads\/2022\/05\/publons-logo-300x121.jpeg\" alt=\"\" width=\"106\" height=\"43\" srcset=\"https:\/\/epitoanyag.org.hu\/wp-content\/uploads\/2022\/05\/publons-logo-300x121.jpeg 300w, https:\/\/epitoanyag.org.hu\/wp-content\/uploads\/2022\/05\/publons-logo-1024x412.jpeg 1024w, https:\/\/epitoanyag.org.hu\/wp-content\/uploads\/2022\/05\/publons-logo-768x309.jpeg 768w, https:\/\/epitoanyag.org.hu\/wp-content\/uploads\/2022\/05\/publons-logo-1536x617.jpeg 1536w, https:\/\/epitoanyag.org.hu\/wp-content\/uploads\/2022\/05\/publons-logo-2048x823.jpeg 2048w, https:\/\/epitoanyag.org.hu\/wp-content\/uploads\/2022\/05\/publons-logo-600x241.jpeg 600w\" sizes=\"(max-width: 106px) 100vw, 106px\" \/>\n<\/a><a href=\"https:\/\/journals.indexcopernicus.com\/search\/details?jmlId=24781651&amp;org=Epitoanyag%20-%20Journal%20of%20Silicate%20Based%20and%20Composite%20Materials,p24781651,3.html\" target=\"_blank\" rel=\"noopener\"><img loading=\"lazy\" class=\"aligncenter\" src=\"https:\/\/epitoanyag.org.hu\/static\/upload\/index-copernicus.png\" alt=\"\" width=\"169\" height=\"35\" \/><\/a>\n<a href=\"https:\/\/scholar.google.com\/citations?hl=en&amp;view_op=search_venues&amp;vq=epitoanyag&amp;btnG=\" target=\"_blank\" rel=\"noopener\"><img loading=\"lazy\" class=\"aligncenter\" src=\"https:\/\/epitoanyag.org.hu\/static\/upload\/google-scholar-png.png\" alt=\"\" width=\"106\" height=\"30\" \/><\/a><\/div>\n\t\t\t\t<\/div>\n\t\t\t\t<\/div>\n\t\t\t\t<div class=\"elementor-element elementor-element-1cdf412d elementor-widget elementor-widget-divider\" data-id=\"1cdf412d\" data-element_type=\"widget\" data-widget_type=\"divider.default\">\n\t\t\t\t<div class=\"elementor-widget-container\">\n\t\t\t\t\t<div class=\"elementor-divider\">\n\t\t\t<span class=\"elementor-divider-separator\">\n\t\t\t\t\t\t<\/span>\n\t\t<\/div>\n\t\t\t\t<\/div>\n\t\t\t\t<\/div>\n\t\t\t\t<div class=\"elementor-element elementor-element-cd67360 elementor-widget elementor-widget-heading\" data-id=\"cd67360\" data-element_type=\"widget\" data-widget_type=\"heading.default\">\n\t\t\t\t<div class=\"elementor-widget-container\">\n\t\t\t<h2 class=\"elementor-heading-title elementor-size-default\">Metrics:<\/h2>\t\t<\/div>\n\t\t\t\t<\/div>\n\t\t\t\t<div class=\"elementor-element elementor-element-6eecea7 elementor-widget elementor-widget-text-editor\" data-id=\"6eecea7\" data-element_type=\"widget\" data-widget_type=\"text-editor.default\">\n\t\t\t\t<div class=\"elementor-widget-container\">\n\t\t\t\t\t<div class=\"elementor-text-editor elementor-clearfix\"><p><a href=\"https:\/\/scholar.google.com\/citations?hl=en&amp;view_op=search_venues&amp;vq=epitoanyag&amp;btnG=%20)\" target=\"_blank\" rel=\"noopener\">h5-index: 10<\/a>\u00a0 \u00a0 \u00a0<a href=\"https:\/\/scholar.google.com\/citations?hl=en&amp;view_op=search_venues&amp;vq=epitoanyag&amp;btnG=\" target=\"_blank\" rel=\"noopener\">h5-median: 15<\/a><\/p><p><a href=\"https:\/\/journals.indexcopernicus.com\/search\/form?search=Epitoanyag%20-%20Journal%20of%20Silicate%20Based%20and%20Composite%20Materials\" target=\"_blank\" rel=\"noopener\">Index Copernicus Value (ICV): 96.16 (2021)<\/a><\/p><p><a href=\"http:\/\/isi-impactfactor.com\/journals\/41)\" target=\"_blank\" rel=\"noopener\">ISI Impact Factor (IIF): 1.079<\/a><\/p><\/div>\n\t\t\t\t<\/div>\n\t\t\t\t<\/div>\n\t\t\t\t\t\t<\/div>\n\t\t\t<\/div>\n\t\t<\/div>\n\t\t\t\t\t\t<\/div>\n\t\t\t<\/div>\n\t\t<\/section>\n\t\t\t\t<section class=\"elementor-element elementor-element-5b308fc7 elementor-section-boxed elementor-section-height-default elementor-section-height-default elementor-section elementor-top-section\" data-id=\"5b308fc7\" data-element_type=\"section\">\n\t\t\t\t\t\t<div class=\"elementor-container elementor-column-gap-default\">\n\t\t\t\t<div class=\"elementor-row\">\n\t\t\t\t<div class=\"elementor-element elementor-element-10cdaf0 elementor-column elementor-col-100 elementor-top-column\" data-id=\"10cdaf0\" data-element_type=\"column\">\n\t\t\t<div class=\"elementor-column-wrap\">\n\t\t\t\t\t<div class=\"elementor-widget-wrap\">\n\t\t\t\t\t\t<\/div>\n\t\t\t<\/div>\n\t\t<\/div>\n\t\t\t\t\t\t<\/div>\n\t\t\t<\/div>\n\t\t<\/section>\n\t\t\t\t\t\t<\/div>\n\t\t\t<\/div>\n\t\t<\/div>\n\t\t","protected":false},"excerpt":{"rendered":"<p>Journal of the Scientific Society of the Silicate Industry Instruction for Authors Download\u00a0GUIDELINE FOR AUTHORS. Manuscripts are welcome to the\u00a0\u00c9p\u00edt\u0151anyag &#8211; Journal of Silicate Based and Composite Materials\u00a0that suit to the\u00a0profile\u00a0of the journal, and contain useful and interesting information for the construction materials industry. We kindly ask the authors to prepare their manuscripts covering the [&hellip;]<\/p>\n","protected":false},"author":1,"featured_media":0,"parent":0,"menu_order":0,"comment_status":"closed","ping_status":"closed","template":"elementor_header_footer","meta":[],"_links":{"self":[{"href":"https:\/\/epitoanyag.org.hu\/en\/wp-json\/wp\/v2\/pages\/1359"}],"collection":[{"href":"https:\/\/epitoanyag.org.hu\/en\/wp-json\/wp\/v2\/pages"}],"about":[{"href":"https:\/\/epitoanyag.org.hu\/en\/wp-json\/wp\/v2\/types\/page"}],"author":[{"embeddable":true,"href":"https:\/\/epitoanyag.org.hu\/en\/wp-json\/wp\/v2\/users\/1"}],"replies":[{"embeddable":true,"href":"https:\/\/epitoanyag.org.hu\/en\/wp-json\/wp\/v2\/comments?post=1359"}],"version-history":[{"count":10,"href":"https:\/\/epitoanyag.org.hu\/en\/wp-json\/wp\/v2\/pages\/1359\/revisions"}],"predecessor-version":[{"id":15203,"href":"https:\/\/epitoanyag.org.hu\/en\/wp-json\/wp\/v2\/pages\/1359\/revisions\/15203"}],"wp:attachment":[{"href":"https:\/\/epitoanyag.org.hu\/en\/wp-json\/wp\/v2\/media?parent=1359"}],"curies":[{"name":"wp","href":"https:\/\/api.w.org\/{rel}","templated":true}]}}