{"id":1376,"date":"2020-01-28T13:11:10","date_gmt":"2020-01-28T12:11:10","guid":{"rendered":"https:\/\/tesztepito.devsite.hu\/open-access\/"},"modified":"2023-01-17T20:33:00","modified_gmt":"2023-01-17T18:33:00","slug":"open-access","status":"publish","type":"page","link":"https:\/\/epitoanyag.org.hu\/en\/open-access\/","title":{"rendered":"Open Access"},"content":{"rendered":"\t\t<div data-elementor-type=\"wp-page\" data-elementor-id=\"1376\" class=\"elementor elementor-1376\" data-elementor-settings=\"[]\">\n\t\t\t<div class=\"elementor-inner\">\n\t\t\t\t<div class=\"elementor-section-wrap\">\n\t\t\t\t\t\t\t<section class=\"elementor-element elementor-element-9a9c3eb elementor-section-boxed elementor-section-height-default elementor-section-height-default elementor-section elementor-top-section\" data-id=\"9a9c3eb\" data-element_type=\"section\">\n\t\t\t\t\t\t<div class=\"elementor-container elementor-column-gap-no\">\n\t\t\t\t<div class=\"elementor-row\">\n\t\t\t\t<div class=\"elementor-element elementor-element-23e02e8 elementor-column elementor-col-50 elementor-top-column\" data-id=\"23e02e8\" data-element_type=\"column\">\n\t\t\t<div class=\"elementor-column-wrap  elementor-element-populated\">\n\t\t\t\t\t<div class=\"elementor-widget-wrap\">\n\t\t\t\t<div class=\"elementor-element elementor-element-0cfe456 elementor-widget elementor-widget-text-editor\" data-id=\"0cfe456\" data-element_type=\"widget\" data-widget_type=\"text-editor.default\">\n\t\t\t\t<div class=\"elementor-widget-container\">\n\t\t\t\t\t<div class=\"elementor-text-editor elementor-clearfix\"><nav aria-label=\"breadcrumb\"><ol class=\"breadcrumb\" itemscope itemtype=\"https:\/\/schema.org\/BreadcrumbList\"><li class=\"breadcrumb-item active\" aria-current=\"page\" itemprop=\"itemListElement\" itemscope itemtype=\"https:\/\/schema.org\/ListItem\"><span itemprop=\"name\">F\u0151oldal<\/span><meta itemprop=\"position\" content=\"1\" \/><\/li><\/ol><\/nav><\/div>\n\t\t\t\t<\/div>\n\t\t\t\t<\/div>\n\t\t\t\t\t\t<\/div>\n\t\t\t<\/div>\n\t\t<\/div>\n\t\t\t\t<div class=\"elementor-element elementor-element-6f71be8 elementor-column elementor-col-50 elementor-top-column\" data-id=\"6f71be8\" data-element_type=\"column\">\n\t\t\t<div class=\"elementor-column-wrap  elementor-element-populated\">\n\t\t\t\t\t<div class=\"elementor-widget-wrap\">\n\t\t\t\t<div class=\"elementor-element elementor-element-ecbdbb1 elementor-widget elementor-widget-heading\" data-id=\"ecbdbb1\" data-element_type=\"widget\" data-widget_type=\"heading.default\">\n\t\t\t\t<div class=\"elementor-widget-container\">\n\t\t\t<p class=\"elementor-heading-title elementor-size-default\">Journal of the Scientific Society of the Silicate Industry<\/p>\t\t<\/div>\n\t\t\t\t<\/div>\n\t\t\t\t\t\t<\/div>\n\t\t\t<\/div>\n\t\t<\/div>\n\t\t\t\t<div class=\"elementor-element elementor-element-8013100 elementor-column elementor-col-50 elementor-top-column\" data-id=\"8013100\" data-element_type=\"column\">\n\t\t\t<div class=\"elementor-column-wrap  elementor-element-populated\">\n\t\t\t\t\t<div class=\"elementor-widget-wrap\">\n\t\t\t\t<div class=\"elementor-element elementor-element-bf5d01a elementor-widget elementor-widget-image\" data-id=\"bf5d01a\" data-element_type=\"widget\" data-widget_type=\"image.default\">\n\t\t\t\t<div class=\"elementor-widget-container\">\n\t\t\t\t\t<div class=\"elementor-image\">\n\t\t\t\t\t\t\t\t\t\t\t<a href=\"https:\/\/szte.org.hu\/en\/\" target=\"_blank\" rel=\"nofollow\">\n\t\t\t\t\t\t\t<img width=\"14\" height=\"16\" src=\"https:\/\/epitoanyag.org.hu\/wp-content\/uploads\/2020\/02\/favicon-szte.png\" class=\"attachment-full size-full\" alt=\"\" loading=\"lazy\" \/>\t\t\t\t\t\t\t\t<\/a>\n\t\t\t\t\t\t\t\t\t\t\t<\/div>\n\t\t\t\t<\/div>\n\t\t\t\t<\/div>\n\t\t\t\t\t\t<\/div>\n\t\t\t<\/div>\n\t\t<\/div>\n\t\t\t\t\t\t<\/div>\n\t\t\t<\/div>\n\t\t<\/section>\n\t\t\t\t<section class=\"elementor-element elementor-element-3ddf7052 elementor-section-boxed elementor-section-height-default elementor-section-height-default elementor-section elementor-top-section\" data-id=\"3ddf7052\" data-element_type=\"section\">\n\t\t\t\t\t\t<div class=\"elementor-container elementor-column-gap-wider\">\n\t\t\t\t<div class=\"elementor-row\">\n\t\t\t\t<div class=\"elementor-element elementor-element-675be6f7 elementor-column elementor-col-66 elementor-top-column\" data-id=\"675be6f7\" data-element_type=\"column\">\n\t\t\t<div class=\"elementor-column-wrap  elementor-element-populated\">\n\t\t\t\t\t<div class=\"elementor-widget-wrap\">\n\t\t\t\t<div class=\"elementor-element elementor-element-cc53e78 elementor-widget elementor-widget-spacer\" data-id=\"cc53e78\" data-element_type=\"widget\" data-widget_type=\"spacer.default\">\n\t\t\t\t<div class=\"elementor-widget-container\">\n\t\t\t\t\t<div class=\"elementor-spacer\">\n\t\t\t<div class=\"elementor-spacer-inner\"><\/div>\n\t\t<\/div>\n\t\t\t\t<\/div>\n\t\t\t\t<\/div>\n\t\t\t\t<div class=\"elementor-element elementor-element-6d7b6673 elementor-widget elementor-widget-heading\" data-id=\"6d7b6673\" data-element_type=\"widget\" data-widget_type=\"heading.default\">\n\t\t\t\t<div class=\"elementor-widget-container\">\n\t\t\t<h1 class=\"elementor-heading-title elementor-size-default\">Open Access<\/h1>\t\t<\/div>\n\t\t\t\t<\/div>\n\t\t\t\t<div class=\"elementor-element elementor-element-30833d2a elementor-widget elementor-widget-text-editor\" data-id=\"30833d2a\" data-element_type=\"widget\" data-widget_type=\"text-editor.default\">\n\t\t\t\t<div class=\"elementor-widget-container\">\n\t\t\t\t\t<div class=\"elementor-text-editor elementor-clearfix\"><table border=\"0\"><tbody><tr><td>The peer reviewed papers in\u00a0<strong>\u00c9p\u00edt\u0151anyag &#8211; Journal of Silicate Based and Composite Materials<\/strong> are open access from Vol. 54. (2002) and recent issues are immediately\u00a0<a href=\"\/en\/downloadable-issues\">available<\/a>\u00a0online at no cost to read, distribute and\/or reuse.<\/td><td><img class=\"\" src=\"https:\/\/epitoanyag.org.hu\/static\/upload\/open-access11.png\" alt=\"\" width=\"450\" \/><\/td><\/tr><tr><td colspan=\"2\">\u00a0<\/td><\/tr><\/tbody><\/table><ul><li>Authors are allowed to make copies of their published papers in institutional or open access repositories (where Creative Commons Licence Attribution-NonCommercial, CC BY-NC applies) either with:<\/li><li>placing a link to the PDF file at \u00c9p\u00edt\u0151anyag \u2013 Journal of Silicate Based and Composite Materials homepage or<\/li><li>placing the PDF file of the final print.<\/li><\/ul><p><a href=\"https:\/\/creativecommons.org\/licenses\/by-nc\/2.0\/\" target=\"_blank\" rel=\"noopener\"><img loading=\"lazy\" src=\"https:\/\/epitoanyag.org.hu\/static\/upload\/cc-by-nc.png\" alt=\"\" width=\"86\" height=\"30\" \/><\/a><\/p><p>No publication fee is charged for publication.<\/p><p><a href=\"http:\/\/www.sherpa.ac.uk\/romeo\/search.php?issn=0013-970X&amp;type=issn&amp;la=en&amp;fIDnum=%7C&amp;mode=simple\" target=\"_blank\" rel=\"noopener\"><img loading=\"lazy\" src=\"https:\/\/epitoanyag.org.hu\/static\/upload\/sherparomeo.png\" alt=\"\" width=\"160\" height=\"30\" \/><\/a>\u00a0\u00a0<a href=\"https:\/\/doaj.org\/search?source=%7B%22query%22%3A%7B%22query_string%22%3A%7B%22query%22%3A%22epitoanyag%22%2C%22default_operator%22%3A%22AND%22%7D%7D%2C%22from%22%3A0%2C%22size%22%3A10%7D#.VhTLIBPtmkp\" target=\"_blank\" rel=\"noopener\"><img loading=\"lazy\" src=\"https:\/\/epitoanyag.org.hu\/static\/upload\/doajlogo.jpg\" alt=\"\" width=\"130\" height=\"30\" \/><\/a><\/p><p>To support open access publishing, \u00c9p\u00edt\u0151anyag &#8211; Journal of Silicate Based and Composite Materials is grateful for your donation of any amount. Payment of donation is against invoice. The invoice holder is the Scientific Society of the Silicate Industry, as the publisher of the journal. For all others the Code of Civil Procedure and provisions of law are valid.<\/p><p>Please give your billing information and the amount of your donation below and submit to the publisher. Your invoice is sent to you by post. Thank you.<\/p><\/div>\n\t\t\t\t<\/div>\n\t\t\t\t<\/div>\n\t\t\t\t<div class=\"elementor-element elementor-element-e471ae6 elementor-button-align-start elementor-widget elementor-widget-form\" data-id=\"e471ae6\" data-element_type=\"widget\" data-settings=\"{&quot;step_next_label&quot;:&quot;Next&quot;,&quot;step_previous_label&quot;:&quot;Previous&quot;,&quot;button_width&quot;:&quot;100&quot;,&quot;step_type&quot;:&quot;number_text&quot;,&quot;step_icon_shape&quot;:&quot;circle&quot;}\" data-widget_type=\"form.default\">\n\t\t\t\t<div class=\"elementor-widget-container\">\n\t\t\t\t\t<form class=\"elementor-form\" method=\"post\" name=\"\u00daj \u0171rlap\">\n\t\t\t<input type=\"hidden\" name=\"post_id\" value=\"1376\"\/>\n\t\t\t<input type=\"hidden\" name=\"form_id\" value=\"e471ae6\"\/>\n\n\t\t\t\n\t\t\t<div class=\"elementor-form-fields-wrapper elementor-labels-\">\n\t\t\t\t\t\t\t\t<div class=\"elementor-field-type-text elementor-field-group elementor-column elementor-field-group-name elementor-col-100 elementor-field-required\">\n\t\t\t\t\t<label for=\"form-field-name\" class=\"elementor-field-label elementor-screen-only\">N\u00e9v<\/label><input size=\"1\" type=\"text\" name=\"form_fields[name]\" id=\"form-field-name\" class=\"elementor-field elementor-size-xs  elementor-field-textual\" placeholder=\"Procurer\u2019s name (company, person):\" required=\"required\" aria-required=\"true\">\t\t\t\t<\/div>\n\t\t\t\t\t\t\t\t<div class=\"elementor-field-type-text elementor-field-group elementor-column elementor-field-group-field_2 elementor-col-100 elementor-field-required\">\n\t\t\t\t\t<label for=\"form-field-field_2\" class=\"elementor-field-label elementor-screen-only\">Address:<\/label><input size=\"1\" type=\"text\" name=\"form_fields[field_2]\" id=\"form-field-field_2\" class=\"elementor-field elementor-size-xs  elementor-field-textual\" placeholder=\"Address:\" required=\"required\" aria-required=\"true\">\t\t\t\t<\/div>\n\t\t\t\t\t\t\t\t<div class=\"elementor-field-type-text elementor-field-group elementor-column elementor-field-group-field_1 elementor-col-100 elementor-field-required\">\n\t\t\t\t\t<label for=\"form-field-field_1\" class=\"elementor-field-label elementor-screen-only\">Postal address:\t<\/label><input size=\"1\" type=\"text\" name=\"form_fields[field_1]\" id=\"form-field-field_1\" class=\"elementor-field elementor-size-xs  elementor-field-textual\" placeholder=\"Postal address:\t\" required=\"required\" aria-required=\"true\">\t\t\t\t<\/div>\n\t\t\t\t\t\t\t\t<div class=\"elementor-field-type-text elementor-field-group elementor-column elementor-field-group-field_3 elementor-col-100 elementor-field-required\">\n\t\t\t\t\t<label for=\"form-field-field_3\" class=\"elementor-field-label elementor-screen-only\">Recipient:<\/label><input size=\"1\" type=\"text\" name=\"form_fields[field_3]\" id=\"form-field-field_3\" class=\"elementor-field elementor-size-xs  elementor-field-textual\" placeholder=\"Recipient:\" required=\"required\" aria-required=\"true\">\t\t\t\t<\/div>\n\t\t\t\t\t\t\t\t<div class=\"elementor-field-type-tel elementor-field-group elementor-column elementor-field-group-field_4 elementor-col-100 elementor-field-required\">\n\t\t\t\t\t<label for=\"form-field-field_4\" class=\"elementor-field-label elementor-screen-only\">Telephone:<\/label><input size=\"1\" type=\"tel\" name=\"form_fields[field_4]\" id=\"form-field-field_4\" class=\"elementor-field elementor-size-xs  elementor-field-textual\" placeholder=\"Telephone:\" required=\"required\" aria-required=\"true\" pattern=\"[0-9()#&amp;+*-=.]+\" title=\"Only numbers and phone characters (#, -, *, etc) are accepted.\">\t\t\t\t<\/div>\n\t\t\t\t\t\t\t\t<div class=\"elementor-field-type-email elementor-field-group elementor-column elementor-field-group-email elementor-col-100 elementor-field-required\">\n\t\t\t\t\t<label for=\"form-field-email\" class=\"elementor-field-label elementor-screen-only\">Email:<\/label><input size=\"1\" type=\"email\" name=\"form_fields[email]\" id=\"form-field-email\" class=\"elementor-field elementor-size-xs  elementor-field-textual\" placeholder=\"Email:\" required=\"required\" aria-required=\"true\">\t\t\t\t<\/div>\n\t\t\t\t\t\t\t\t<div class=\"elementor-field-type-text elementor-field-group elementor-column elementor-field-group-field_b4c54b2 elementor-col-100 elementor-field-required\">\n\t\t\t\t\t<label for=\"form-field-field_b4c54b2\" class=\"elementor-field-label elementor-screen-only\">Amount of donation:<\/label><input size=\"1\" type=\"text\" name=\"form_fields[field_b4c54b2]\" id=\"form-field-field_b4c54b2\" class=\"elementor-field elementor-size-xs  elementor-field-textual\" placeholder=\"Amount of donation:\" required=\"required\" aria-required=\"true\">\t\t\t\t<\/div>\n\t\t\t\t\t\t\t\t<div class=\"elementor-field-type-text elementor-field-group elementor-column elementor-field-group-field_07f5334 elementor-col-100 elementor-field-required\">\n\t\t\t\t\t<label for=\"form-field-field_07f5334\" class=\"elementor-field-label elementor-screen-only\">Bank account no.:<\/label><input size=\"1\" type=\"text\" name=\"form_fields[field_07f5334]\" id=\"form-field-field_07f5334\" class=\"elementor-field elementor-size-xs  elementor-field-textual\" placeholder=\"Bank account no.:\" required=\"required\" aria-required=\"true\">\t\t\t\t<\/div>\n\t\t\t\t\t\t\t\t<div class=\"elementor-field-type-text elementor-field-group elementor-column elementor-field-group-message elementor-col-100 elementor-field-required\">\n\t\t\t\t\t<label for=\"form-field-message\" class=\"elementor-field-label elementor-screen-only\">Remarks:<\/label><input size=\"1\" type=\"text\" name=\"form_fields[message]\" id=\"form-field-message\" class=\"elementor-field elementor-size-xs  elementor-field-textual\" placeholder=\"Remarks:\" required=\"required\" aria-required=\"true\">\t\t\t\t<\/div>\n\t\t\t\t\t\t\t\t<div class=\"elementor-field-group elementor-column elementor-field-type-submit elementor-col-100 e-form__buttons\">\n\t\t\t\t\t<button type=\"submit\" class=\"elementor-button elementor-size-xs\">\n\t\t\t\t\t\t<span >\n\t\t\t\t\t\t\t\t\t\t\t\t\t\t\t<span class=\" elementor-button-icon\">\n\t\t\t\t\t\t\t\t\t\t\t\t\t\t\t\t\t\t\t\t\t\t\t\t\t\t<\/span>\n\t\t\t\t\t\t\t\t\t\t\t\t\t\t\t\t\t\t\t\t\t\t<span class=\"elementor-button-text\">Send<\/span>\n\t\t\t\t\t\t\t\t\t\t\t\t\t<\/span>\n\t\t\t\t\t<\/button>\n\t\t\t\t<\/div>\n\t\t\t<\/div>\n\t\t<\/form>\n\t\t\t\t<\/div>\n\t\t\t\t<\/div>\n\t\t\t\t\t\t<\/div>\n\t\t\t<\/div>\n\t\t<\/div>\n\t\t\t\t<div class=\"elementor-element elementor-element-43ab6cb0 elementor-column elementor-col-33 elementor-top-column\" data-id=\"43ab6cb0\" data-element_type=\"column\">\n\t\t\t<div class=\"elementor-column-wrap  elementor-element-populated\">\n\t\t\t\t\t<div class=\"elementor-widget-wrap\">\n\t\t\t\t<div class=\"elementor-element elementor-element-abc693c elementor-widget elementor-widget-heading\" data-id=\"abc693c\" data-element_type=\"widget\" data-widget_type=\"heading.default\">\n\t\t\t\t<div class=\"elementor-widget-container\">\n\t\t\t<h2 class=\"elementor-heading-title elementor-size-default\">Current Issues<\/h2>\t\t<\/div>\n\t\t\t\t<\/div>\n\t\t\t\t<div class=\"elementor-element elementor-element-c428cea elementor-widget elementor-widget-shortcode\" data-id=\"c428cea\" data-element_type=\"widget\" data-widget_type=\"shortcode.default\">\n\t\t\t\t<div class=\"elementor-widget-container\">\n\t\t\t\t\t<div class=\"elementor-shortcode\">\t\t<div data-elementor-type=\"section\" data-elementor-id=\"14217\" class=\"elementor elementor-14217 elementor-14200\" data-elementor-settings=\"[]\">\n\t\t<div class=\"elementor-inner\">\n\t\t\t<div class=\"elementor-section-wrap\">\n\t\t\t\t\t\t<section class=\"elementor-element elementor-element-76f58e9 elementor-section-boxed elementor-section-height-default elementor-section-height-default elementor-section elementor-top-section\" data-id=\"76f58e9\" data-element_type=\"section\">\n\t\t\t\t\t\t<div class=\"elementor-container elementor-column-gap-default\">\n\t\t\t\t<div class=\"elementor-row\">\n\t\t\t\t<div class=\"elementor-element elementor-element-2dc3a7e elementor-column elementor-col-100 elementor-top-column\" data-id=\"2dc3a7e\" data-element_type=\"column\">\n\t\t\t<div class=\"elementor-column-wrap  elementor-element-populated\">\n\t\t\t\t\t<div class=\"elementor-widget-wrap\">\n\t\t\t\t<div class=\"elementor-element elementor-element-bb3883c elementor-widget elementor-widget-image\" data-id=\"bb3883c\" data-element_type=\"widget\" data-widget_type=\"image.default\">\n\t\t\t\t<div class=\"elementor-widget-container\">\n\t\t\t\t\t<div class=\"elementor-image\">\n\t\t\t\t\t\t\t\t\t\t\t<a href=\"\/en\/downloadable-issues\/\">\n\t\t\t\t\t\t\t<img width=\"1614\" height=\"2244\" src=\"https:\/\/epitoanyag.org.hu\/wp-content\/uploads\/2026\/03\/2025_03_cimlap.png\" class=\"attachment-full size-full\" alt=\"\" loading=\"lazy\" srcset=\"https:\/\/epitoanyag.org.hu\/wp-content\/uploads\/2026\/03\/2025_03_cimlap.png 1614w, https:\/\/epitoanyag.org.hu\/wp-content\/uploads\/2026\/03\/2025_03_cimlap-216x300.png 216w, https:\/\/epitoanyag.org.hu\/wp-content\/uploads\/2026\/03\/2025_03_cimlap-737x1024.png 737w, https:\/\/epitoanyag.org.hu\/wp-content\/uploads\/2026\/03\/2025_03_cimlap-768x1068.png 768w, https:\/\/epitoanyag.org.hu\/wp-content\/uploads\/2026\/03\/2025_03_cimlap-1105x1536.png 1105w, https:\/\/epitoanyag.org.hu\/wp-content\/uploads\/2026\/03\/2025_03_cimlap-1473x2048.png 1473w, https:\/\/epitoanyag.org.hu\/wp-content\/uploads\/2026\/03\/2025_03_cimlap-600x834.png 600w\" sizes=\"(max-width: 1614px) 100vw, 1614px\" \/>\t\t\t\t\t\t\t\t<\/a>\n\t\t\t\t\t\t\t\t\t\t\t<\/div>\n\t\t\t\t<\/div>\n\t\t\t\t<\/div>\n\t\t\t\t\t\t<\/div>\n\t\t\t<\/div>\n\t\t<\/div>\n\t\t\t\t\t\t<\/div>\n\t\t\t<\/div>\n\t\t<\/section>\n\t\t\t\t\t<\/div>\n\t\t<\/div>\n\t\t<\/div>\n\t\t<\/div>\n\t\t\t\t<\/div>\n\t\t\t\t<\/div>\n\t\t\t\t<div class=\"elementor-element elementor-element-353a52d elementor-widget elementor-widget-heading\" data-id=\"353a52d\" data-element_type=\"widget\" data-widget_type=\"heading.default\">\n\t\t\t\t<div class=\"elementor-widget-container\">\n\t\t\t<h2 class=\"elementor-heading-title elementor-size-default\">\u00c9p\u00edt\u0151anyag-JSBCM is referred by:<\/h2>\t\t<\/div>\n\t\t\t\t<\/div>\n\t\t\t\t<div class=\"elementor-element elementor-element-30fdcc9b elementor-widget elementor-widget-text-editor\" data-id=\"30fdcc9b\" data-element_type=\"widget\" data-widget_type=\"text-editor.default\">\n\t\t\t\t<div class=\"elementor-widget-container\">\n\t\t\t\t\t<div class=\"elementor-text-editor elementor-clearfix\"><a href=\"http:\/\/www.ebscohost.com\/\" target=\"_blank\" rel=\"noopener\"><img loading=\"lazy\" class=\"aligncenter\" src=\"https:\/\/epitoanyag.org.hu\/static\/upload\/ebscologofinal.png\" alt=\"\" width=\"50\" height=\"48\" \/><\/a><a href=\"http:\/\/www.proquest.com\/\" target=\"_blank\" rel=\"noopener\"><img loading=\"lazy\" class=\"aligncenter\" src=\"https:\/\/epitoanyag.org.hu\/static\/upload\/logoproquestfinal.png\" alt=\"\" width=\"80\" height=\"30\" \/><\/a><a href=\"http:\/\/mjl.clarivate.com\/cgi-bin\/jrnlst\/jlresults.cgi?PC=MASTER&amp;ISSN=*0013-970X%20\" target=\"_blank\" rel=\"noopener\"><img loading=\"lazy\" class=\"aligncenter\" src=\"https:\/\/epitoanyag.org.hu\/static\/upload\/ESCI.png\" alt=\"\" width=\"50\" height=\"49\" \/><\/a><a <\/a><a href=\"https:\/\/publons.com\/journal\/32066\/epitoanyag-journal-of-silicate-based-and-composite\/\" target=\"_blank\" rel=\"noopener\"><img loading=\"lazy\" class=\"aligncenter wp-image-14994\" src=\"https:\/\/epitoanyag.org.hu\/wp-content\/uploads\/2022\/05\/publons-logo-300x121.jpeg\" alt=\"\" width=\"106\" height=\"43\" srcset=\"https:\/\/epitoanyag.org.hu\/wp-content\/uploads\/2022\/05\/publons-logo-300x121.jpeg 300w, https:\/\/epitoanyag.org.hu\/wp-content\/uploads\/2022\/05\/publons-logo-1024x412.jpeg 1024w, https:\/\/epitoanyag.org.hu\/wp-content\/uploads\/2022\/05\/publons-logo-768x309.jpeg 768w, https:\/\/epitoanyag.org.hu\/wp-content\/uploads\/2022\/05\/publons-logo-1536x617.jpeg 1536w, https:\/\/epitoanyag.org.hu\/wp-content\/uploads\/2022\/05\/publons-logo-2048x823.jpeg 2048w, https:\/\/epitoanyag.org.hu\/wp-content\/uploads\/2022\/05\/publons-logo-600x241.jpeg 600w\" sizes=\"(max-width: 106px) 100vw, 106px\" \/>\n<\/a><a href=\"https:\/\/journals.indexcopernicus.com\/search\/details?jmlId=24781651&amp;org=Epitoanyag%20-%20Journal%20of%20Silicate%20Based%20and%20Composite%20Materials,p24781651,3.html\" target=\"_blank\" rel=\"noopener\"><img loading=\"lazy\" class=\"aligncenter\" src=\"https:\/\/epitoanyag.org.hu\/static\/upload\/index-copernicus.png\" alt=\"\" width=\"169\" height=\"35\" \/><\/a>\n<a href=\"https:\/\/scholar.google.com\/citations?hl=en&amp;view_op=search_venues&amp;vq=epitoanyag&amp;btnG=\" target=\"_blank\" rel=\"noopener\"><img loading=\"lazy\" class=\"aligncenter\" src=\"https:\/\/epitoanyag.org.hu\/static\/upload\/google-scholar-png.png\" alt=\"\" width=\"106\" height=\"30\" \/><\/a><\/div>\n\t\t\t\t<\/div>\n\t\t\t\t<\/div>\n\t\t\t\t<div class=\"elementor-element elementor-element-69db753d elementor-widget elementor-widget-divider\" data-id=\"69db753d\" data-element_type=\"widget\" data-widget_type=\"divider.default\">\n\t\t\t\t<div class=\"elementor-widget-container\">\n\t\t\t\t\t<div class=\"elementor-divider\">\n\t\t\t<span class=\"elementor-divider-separator\">\n\t\t\t\t\t\t<\/span>\n\t\t<\/div>\n\t\t\t\t<\/div>\n\t\t\t\t<\/div>\n\t\t\t\t<div class=\"elementor-element elementor-element-7349191 elementor-widget elementor-widget-heading\" data-id=\"7349191\" data-element_type=\"widget\" data-widget_type=\"heading.default\">\n\t\t\t\t<div class=\"elementor-widget-container\">\n\t\t\t<h2 class=\"elementor-heading-title elementor-size-default\">Metrics:<\/h2>\t\t<\/div>\n\t\t\t\t<\/div>\n\t\t\t\t<div class=\"elementor-element elementor-element-752e756 elementor-widget elementor-widget-text-editor\" data-id=\"752e756\" data-element_type=\"widget\" data-widget_type=\"text-editor.default\">\n\t\t\t\t<div class=\"elementor-widget-container\">\n\t\t\t\t\t<div class=\"elementor-text-editor elementor-clearfix\"><p><a href=\"https:\/\/scholar.google.com\/citations?hl=en&amp;view_op=search_venues&amp;vq=epitoanyag&amp;btnG=%20)\" target=\"_blank\" rel=\"noopener\">h5-index: 10<\/a>\u00a0 \u00a0 \u00a0<a href=\"https:\/\/scholar.google.com\/citations?hl=en&amp;view_op=search_venues&amp;vq=epitoanyag&amp;btnG=\" target=\"_blank\" rel=\"noopener\">h5-median: 15<\/a><\/p><p><a href=\"https:\/\/journals.indexcopernicus.com\/search\/form?search=Epitoanyag%20-%20Journal%20of%20Silicate%20Based%20and%20Composite%20Materials\" target=\"_blank\" rel=\"noopener\">Index Copernicus Value (ICV): 96.16 (2021)<\/a><\/p><p><a href=\"http:\/\/isi-impactfactor.com\/journals\/41)\" target=\"_blank\" rel=\"noopener\">ISI Impact Factor (IIF): 1.079<\/a><\/p><\/div>\n\t\t\t\t<\/div>\n\t\t\t\t<\/div>\n\t\t\t\t\t\t<\/div>\n\t\t\t<\/div>\n\t\t<\/div>\n\t\t\t\t\t\t<\/div>\n\t\t\t<\/div>\n\t\t<\/section>\n\t\t\t\t<section class=\"elementor-element elementor-element-5b5972a4 elementor-section-boxed elementor-section-height-default elementor-section-height-default elementor-section elementor-top-section\" data-id=\"5b5972a4\" data-element_type=\"section\">\n\t\t\t\t\t\t<div class=\"elementor-container elementor-column-gap-default\">\n\t\t\t\t<div class=\"elementor-row\">\n\t\t\t\t<div class=\"elementor-element elementor-element-60356930 elementor-column elementor-col-100 elementor-top-column\" data-id=\"60356930\" data-element_type=\"column\">\n\t\t\t<div class=\"elementor-column-wrap\">\n\t\t\t\t\t<div class=\"elementor-widget-wrap\">\n\t\t\t\t\t\t<\/div>\n\t\t\t<\/div>\n\t\t<\/div>\n\t\t\t\t\t\t<\/div>\n\t\t\t<\/div>\n\t\t<\/section>\n\t\t\t\t\t\t<\/div>\n\t\t\t<\/div>\n\t\t<\/div>\n\t\t","protected":false},"excerpt":{"rendered":"<p>Journal of the Scientific Society of the Silicate Industry Open Access The peer reviewed papers in\u00a0\u00c9p\u00edt\u0151anyag &#8211; Journal of Silicate Based and Composite Materials are open access from Vol. 54. (2002) and recent issues are immediately\u00a0available\u00a0online at no cost to read, distribute and\/or reuse. \u00a0 Authors are allowed to make copies of their published papers [&hellip;]<\/p>\n","protected":false},"author":1,"featured_media":0,"parent":0,"menu_order":0,"comment_status":"closed","ping_status":"closed","template":"elementor_header_footer","meta":[],"_links":{"self":[{"href":"https:\/\/epitoanyag.org.hu\/en\/wp-json\/wp\/v2\/pages\/1376"}],"collection":[{"href":"https:\/\/epitoanyag.org.hu\/en\/wp-json\/wp\/v2\/pages"}],"about":[{"href":"https:\/\/epitoanyag.org.hu\/en\/wp-json\/wp\/v2\/types\/page"}],"author":[{"embeddable":true,"href":"https:\/\/epitoanyag.org.hu\/en\/wp-json\/wp\/v2\/users\/1"}],"replies":[{"embeddable":true,"href":"https:\/\/epitoanyag.org.hu\/en\/wp-json\/wp\/v2\/comments?post=1376"}],"version-history":[{"count":6,"href":"https:\/\/epitoanyag.org.hu\/en\/wp-json\/wp\/v2\/pages\/1376\/revisions"}],"predecessor-version":[{"id":15204,"href":"https:\/\/epitoanyag.org.hu\/en\/wp-json\/wp\/v2\/pages\/1376\/revisions\/15204"}],"wp:attachment":[{"href":"https:\/\/epitoanyag.org.hu\/en\/wp-json\/wp\/v2\/media?parent=1376"}],"curies":[{"name":"wp","href":"https:\/\/api.w.org\/{rel}","templated":true}]}}