{"id":1393,"date":"2020-01-28T10:34:47","date_gmt":"2020-01-28T09:34:47","guid":{"rendered":"https:\/\/tesztepito.devsite.hu\/szerkesztobizottsag\/"},"modified":"2025-07-02T13:06:15","modified_gmt":"2025-07-02T11:06:15","slug":"editorial-board","status":"publish","type":"page","link":"https:\/\/epitoanyag.org.hu\/en\/editorial-board\/","title":{"rendered":"Editorial Board"},"content":{"rendered":"\t\t<div data-elementor-type=\"wp-page\" data-elementor-id=\"1393\" class=\"elementor elementor-1393 elementor-621\" data-elementor-settings=\"[]\">\n\t\t\t<div class=\"elementor-inner\">\n\t\t\t\t<div class=\"elementor-section-wrap\">\n\t\t\t\t\t\t\t<section class=\"elementor-element elementor-element-b4df821 elementor-section-boxed elementor-section-height-default elementor-section-height-default elementor-section elementor-top-section\" data-id=\"b4df821\" data-element_type=\"section\">\n\t\t\t\t\t\t<div class=\"elementor-container elementor-column-gap-no\">\n\t\t\t\t<div class=\"elementor-row\">\n\t\t\t\t<div class=\"elementor-element elementor-element-092d0f0 elementor-column elementor-col-50 elementor-top-column\" data-id=\"092d0f0\" data-element_type=\"column\">\n\t\t\t<div class=\"elementor-column-wrap  elementor-element-populated\">\n\t\t\t\t\t<div class=\"elementor-widget-wrap\">\n\t\t\t\t<div class=\"elementor-element elementor-element-be66440 elementor-widget elementor-widget-text-editor\" data-id=\"be66440\" data-element_type=\"widget\" data-widget_type=\"text-editor.default\">\n\t\t\t\t<div class=\"elementor-widget-container\">\n\t\t\t\t\t<div class=\"elementor-text-editor elementor-clearfix\"><nav aria-label=\"breadcrumb\"><ol class=\"breadcrumb\" itemscope itemtype=\"https:\/\/schema.org\/BreadcrumbList\"><li class=\"breadcrumb-item active\" aria-current=\"page\" itemprop=\"itemListElement\" itemscope itemtype=\"https:\/\/schema.org\/ListItem\"><span itemprop=\"name\">F\u0151oldal<\/span><meta itemprop=\"position\" content=\"1\" \/><\/li><\/ol><\/nav><\/div>\n\t\t\t\t<\/div>\n\t\t\t\t<\/div>\n\t\t\t\t\t\t<\/div>\n\t\t\t<\/div>\n\t\t<\/div>\n\t\t\t\t<div class=\"elementor-element elementor-element-9e87ac5 elementor-column elementor-col-50 elementor-top-column\" data-id=\"9e87ac5\" data-element_type=\"column\">\n\t\t\t<div class=\"elementor-column-wrap  elementor-element-populated\">\n\t\t\t\t\t<div class=\"elementor-widget-wrap\">\n\t\t\t\t<div class=\"elementor-element elementor-element-0235a64 elementor-widget elementor-widget-heading\" data-id=\"0235a64\" data-element_type=\"widget\" data-widget_type=\"heading.default\">\n\t\t\t\t<div class=\"elementor-widget-container\">\n\t\t\t<p class=\"elementor-heading-title elementor-size-default\">Journal of the Scientific Society of the Silicate Industry<\/p>\t\t<\/div>\n\t\t\t\t<\/div>\n\t\t\t\t\t\t<\/div>\n\t\t\t<\/div>\n\t\t<\/div>\n\t\t\t\t<div class=\"elementor-element elementor-element-616501f elementor-column elementor-col-50 elementor-top-column\" data-id=\"616501f\" data-element_type=\"column\">\n\t\t\t<div class=\"elementor-column-wrap  elementor-element-populated\">\n\t\t\t\t\t<div class=\"elementor-widget-wrap\">\n\t\t\t\t<div class=\"elementor-element elementor-element-4054ee4 elementor-widget elementor-widget-image\" data-id=\"4054ee4\" data-element_type=\"widget\" data-widget_type=\"image.default\">\n\t\t\t\t<div class=\"elementor-widget-container\">\n\t\t\t\t\t<div class=\"elementor-image\">\n\t\t\t\t\t\t\t\t\t\t\t<a href=\"https:\/\/szte.org.hu\/en\/\" target=\"_blank\" rel=\"nofollow\">\n\t\t\t\t\t\t\t<img width=\"14\" height=\"16\" src=\"https:\/\/epitoanyag.org.hu\/wp-content\/uploads\/2020\/02\/favicon-szte.png\" class=\"attachment-full size-full\" alt=\"\" loading=\"lazy\" \/>\t\t\t\t\t\t\t\t<\/a>\n\t\t\t\t\t\t\t\t\t\t\t<\/div>\n\t\t\t\t<\/div>\n\t\t\t\t<\/div>\n\t\t\t\t\t\t<\/div>\n\t\t\t<\/div>\n\t\t<\/div>\n\t\t\t\t\t\t<\/div>\n\t\t\t<\/div>\n\t\t<\/section>\n\t\t\t\t<section class=\"elementor-element elementor-element-2f47c0e0 elementor-section-boxed elementor-section-height-default elementor-section-height-default elementor-section elementor-top-section\" data-id=\"2f47c0e0\" data-element_type=\"section\">\n\t\t\t\t\t\t<div class=\"elementor-container elementor-column-gap-wider\">\n\t\t\t\t<div class=\"elementor-row\">\n\t\t\t\t<div class=\"elementor-element elementor-element-22f18365 elementor-column elementor-col-66 elementor-top-column\" data-id=\"22f18365\" data-element_type=\"column\">\n\t\t\t<div class=\"elementor-column-wrap  elementor-element-populated\">\n\t\t\t\t\t<div class=\"elementor-widget-wrap\">\n\t\t\t\t<div class=\"elementor-element elementor-element-378e330 elementor-widget elementor-widget-spacer\" data-id=\"378e330\" data-element_type=\"widget\" data-widget_type=\"spacer.default\">\n\t\t\t\t<div class=\"elementor-widget-container\">\n\t\t\t\t\t<div class=\"elementor-spacer\">\n\t\t\t<div class=\"elementor-spacer-inner\"><\/div>\n\t\t<\/div>\n\t\t\t\t<\/div>\n\t\t\t\t<\/div>\n\t\t\t\t<div class=\"elementor-element elementor-element-b4df535 elementor-widget elementor-widget-heading\" data-id=\"b4df535\" data-element_type=\"widget\" data-widget_type=\"heading.default\">\n\t\t\t\t<div class=\"elementor-widget-container\">\n\t\t\t<h1 class=\"elementor-heading-title elementor-size-default\">Editorial Board<\/h1>\t\t<\/div>\n\t\t\t\t<\/div>\n\t\t\t\t<div class=\"elementor-element elementor-element-b17e028 elementor-widget elementor-widget-text-editor\" data-id=\"b17e028\" data-element_type=\"widget\" data-widget_type=\"text-editor.default\">\n\t\t\t\t<div class=\"elementor-widget-container\">\n\t\t\t\t\t<div class=\"elementor-text-editor elementor-clearfix\"><p>President: <b>\u00c9va Eszter <\/b><b>Dr. MAJOROSN\u00c9 Dr. LUBL\u00d3Y <\/b>\u00a0<em>\u2022 <\/em><a href=\"mailto:lubloy.eva@emk.bme.hu\">lubloy.eva@emk.bme.hu<\/a><a href=\"mailto:femgomze@gold.uni-miskolc.hu\"><br \/><\/a><\/p><p>Editor-in-chief: <strong>Andr\u00e1s BIR\u00d3<\/strong>\u00a0<em>\u2022<\/em>\u00a0<a href=\"mailto:epitoanyag@szte.org.hu\" target=\"_blank\" rel=\"noopener\">epitoanyag@szte.org.hu<\/a><\/p><p>Editor: <strong>Emese Mestern\u00e9 Dr. KUROVICS<\/strong> \u00a0<em>\u2022<\/em>\u00a0<a href=\"emese.mesterne@uni-miskolc.hu\" target=\"_blank\" rel=\"noopener\">emese.mesterne@uni-miskolc.hu<\/a><\/p><p>Senior editor: Dr. habil. Adorj\u00e1n BOROSNY\u00d3I<\/p><p>Honorary editor-in-chief: Ilona WOJN\u00c1ROVITSN\u00c9 Dr. HRAPKA<\/p><p>Design editor: R\u00e9ka T\u00d3TH-ASZTALOS<\/p><p><strong>\u00a0<\/strong><\/p><p><strong>Members of the Editorial Board<\/strong><\/p><p>Prof. Dr. Parvin ALIZADEH, Iran<\/p><ul><li><span style=\"color: #999999;\">Tarbit Modares University, Faculty of Engineering and Technology<\/span><\/li><\/ul><p><span lang=\"EN-US\">Dr. Benchaa BENABED, Algeria<\/span><\/p><ul><li><span lang=\"EN-US\" style=\"color: #999999;\">Department of Civil Engineering, University of Laghouat<\/span><\/li><\/ul><p>Mr. Bal\u00e1zs BOCSKAY, Hungary<\/p><ul><li><span style=\"color: #999999;\">Duna-Dr\u00e1va Cement Ltd.<\/span><\/li><\/ul><p>Maria Eugenia CONTRERAS-GARCIA, Mexico<\/p><ul><li><span style=\"color: #999999;\">Universidad Michoacana de San Nicol\u00e1s de Hidalgo | UMSNH \u00b7 Metallurgy and Materials Research Institute<\/span><\/li><\/ul><p>Prof. Dr. Barnab\u00e1s CS\u0150KE, Hungary<\/p><ul><li><span style=\"color: #999999;\">University of Miskolc<\/span><\/li><\/ul><p>Prof. Dr. Emad M.M. EWAIS, Egypt<\/p><ul><li><span style=\"color: #999999;\">Central Metallurgical Research and Development Institute | CMRDI Refractory &amp; Ceramic Materials Division<\/span><\/li><\/ul><p>Prof. Dr. Katherine T. FABER, USA<\/p><ul><li><span style=\"color: #999999;\">Northwestern University<\/span><\/li><\/ul><p>Prof. Dr. Saverio FIORE, Italy<\/p><ul><li><span style=\"color: #999999;\">CNR Institute of Methodologies<\/span><\/li><\/ul><p>Prof. Dr. David HUI, USA<\/p><ul><li><span style=\"color: #999999;\">University of New Orleans, Composite Materials Research Laboratory<\/span><\/li><\/ul><p>Prof. Dr. Mikl\u00f3s G\u00c1LOS, Hungary<\/p><ul><li><span style=\"color: #999999;\">BME\u00a0Dept. of Construction Materials and Technologies<\/span><\/li><\/ul><p>Dr. Viktor GRIBNIAK, Lithuania<\/p><ul><li><span style=\"color: #999999;\">Vilnius Gediminas Technical University<\/span><em><br \/><\/em><\/li><\/ul><p>Prof. Dr. Kozo ISHIZAKI, Japan<\/p><ul><li><span style=\"color: #999999;\">Nagaoka University of Technology<\/span><\/li><\/ul><p>Dr. Zsuzsanna J\u00d3ZSA, Hungary<\/p><ul><li><span style=\"color: #999999;\">BME\u00a0Dept. of Construction Materials and Technologies<\/span><\/li><\/ul><p>Mr. L\u00e1szl\u00f3 K\u00c1RP\u00c1TI, Hungary<\/p><ul><li><span style=\"color: #999999;\">Pelso Plan Ltd.<\/span><\/li><\/ul><p>Prof. Maxim G. KHRAMCHENKOV, Russia<\/p><ul><li><span style=\"color: #999999;\">Kazan Federal University,\u00a0Institute of Mathematics and Mechanics<\/span><\/li><\/ul><p>Dr. Istv\u00e1n KOCSERHA, Hungary<\/p><ul><li><span style=\"color: #999999;\">ME Institute of Ceramics and Polymer Engineering<\/span><\/li><\/ul><p>Dr. Krist\u00f3f KOV\u00c1CS, Hungary<\/p><ul><li><span style=\"color: #999999;\">University of Pannonia, Institute of Material Engineering<\/span><\/li><\/ul><p>Dr. habil. \u00c9va LUBL\u00d3Y, Hungary<\/p><ul><li><span style=\"color: #999999;\">BME Dept. of Construction Materials and Technologies<\/span><\/li><\/ul><p>Mrs. Eszter MATTYASOVSZKY ZSOLNAY, Hungary<\/p><p>Prof. Dr. G\u00e1bor MUCSI, Hungary<\/p><ul><li><span style=\"color: #999999;\">University of Miskolc<\/span><\/li><\/ul><div>Dr. Salem G. NEHME, Hungary<\/div><ul><li><span style=\"color: #999999;\">BME Dept. of Construction Materials and Technologies<\/span><\/li><\/ul><p>Dr. Tam\u00e1s P\u00c1LV\u00d6LGYI, Hungary<\/p><ul><li><span style=\"color: #999999;\">BME Department of Environmental Economics<\/span><\/li><\/ul><p>Dr. Mikl\u00f3s R\u00c9VAY, Hungary<\/p><ul><li><span style=\"color: #999999;\">Cemkut Ltd.<\/span><\/li><\/ul><p>Prof. Dr. Tomasz SADOWSKI, Poland<\/p><ul><li><span style=\"color: #999999;\">Lublin University of Technology<\/span><\/li><\/ul><p>Prof. Dr. Tohru SEKINO, Japan<\/p><ul><li><span style=\"color: #999999;\">Osaka University, ISIR, &#8220;SANKEN&#8221;<\/span><\/li><\/ul><p>Prof. Dr. David S. SMITH, France<\/p><ul><li><span style=\"color: #999999;\">University of Limoges, GEMH Limoges<\/span><\/li><\/ul><p>Prof. Dr. Bojja SREEDHAR, India<\/p><ul><li><span style=\"color: #999999;\">Indian Institute of Chemical Technology<\/span><\/li><\/ul><p>Prof. Dr. J\u00e1nos SZ\u00c9PV\u00d6LGYI, Hungary<\/p><ul><li><span style=\"color: #999999;\">Hungarian Academy of Sciences Research Centre of Natural Sciences<\/span><\/li><\/ul><p>Prof. Dr. Istv\u00e1n SZ\u0170CS, Hungary<\/p><ul><li><span style=\"color: #999999;\">University of Miskolc<\/span><\/li><\/ul><p>Prof. Dr.\u00a0Yasunori TAGA, Japan<\/p><ul><li><span style=\"color: #999999;\">Thin Film Research Centre, Chubu University<\/span><\/li><\/ul><p>Dr.\u00a0Zhifang ZHANG, China<\/p><ul><li><span style=\"color: #999999;\">School of Civil Engineering, Guangzhou University<\/span><\/li><\/ul><p><strong>\u00a0<\/strong><\/p><p><strong>Advisory Board<\/strong><\/p><p>R\u00f3bert KISS, Dr. J\u00e1nos MIZSER<\/p><\/div>\n\t\t\t\t<\/div>\n\t\t\t\t<\/div>\n\t\t\t\t\t\t<\/div>\n\t\t\t<\/div>\n\t\t<\/div>\n\t\t\t\t<div class=\"elementor-element elementor-element-4daf7ace elementor-column elementor-col-33 elementor-top-column\" data-id=\"4daf7ace\" data-element_type=\"column\">\n\t\t\t<div class=\"elementor-column-wrap  elementor-element-populated\">\n\t\t\t\t\t<div class=\"elementor-widget-wrap\">\n\t\t\t\t<div class=\"elementor-element elementor-element-5d54ce6 elementor-widget elementor-widget-heading\" data-id=\"5d54ce6\" data-element_type=\"widget\" data-widget_type=\"heading.default\">\n\t\t\t\t<div class=\"elementor-widget-container\">\n\t\t\t<h2 class=\"elementor-heading-title elementor-size-default\">Current Issues<\/h2>\t\t<\/div>\n\t\t\t\t<\/div>\n\t\t\t\t<div class=\"elementor-element elementor-element-9f06a62 elementor-widget elementor-widget-shortcode\" data-id=\"9f06a62\" data-element_type=\"widget\" data-widget_type=\"shortcode.default\">\n\t\t\t\t<div class=\"elementor-widget-container\">\n\t\t\t\t\t<div class=\"elementor-shortcode\">\t\t<div data-elementor-type=\"section\" data-elementor-id=\"14217\" class=\"elementor elementor-14217 elementor-14200\" data-elementor-settings=\"[]\">\n\t\t<div class=\"elementor-inner\">\n\t\t\t<div class=\"elementor-section-wrap\">\n\t\t\t\t\t\t<section class=\"elementor-element elementor-element-76f58e9 elementor-section-boxed elementor-section-height-default elementor-section-height-default elementor-section elementor-top-section\" data-id=\"76f58e9\" data-element_type=\"section\">\n\t\t\t\t\t\t<div class=\"elementor-container elementor-column-gap-default\">\n\t\t\t\t<div class=\"elementor-row\">\n\t\t\t\t<div class=\"elementor-element elementor-element-2dc3a7e elementor-column elementor-col-100 elementor-top-column\" data-id=\"2dc3a7e\" data-element_type=\"column\">\n\t\t\t<div class=\"elementor-column-wrap  elementor-element-populated\">\n\t\t\t\t\t<div class=\"elementor-widget-wrap\">\n\t\t\t\t<div class=\"elementor-element elementor-element-bb3883c elementor-widget elementor-widget-image\" data-id=\"bb3883c\" data-element_type=\"widget\" data-widget_type=\"image.default\">\n\t\t\t\t<div class=\"elementor-widget-container\">\n\t\t\t\t\t<div class=\"elementor-image\">\n\t\t\t\t\t\t\t\t\t\t\t<a href=\"\/en\/downloadable-issues\/\">\n\t\t\t\t\t\t\t<img width=\"1614\" height=\"2244\" src=\"https:\/\/epitoanyag.org.hu\/wp-content\/uploads\/2026\/03\/2025_03_cimlap.png\" class=\"attachment-full size-full\" alt=\"\" loading=\"lazy\" srcset=\"https:\/\/epitoanyag.org.hu\/wp-content\/uploads\/2026\/03\/2025_03_cimlap.png 1614w, https:\/\/epitoanyag.org.hu\/wp-content\/uploads\/2026\/03\/2025_03_cimlap-216x300.png 216w, https:\/\/epitoanyag.org.hu\/wp-content\/uploads\/2026\/03\/2025_03_cimlap-737x1024.png 737w, https:\/\/epitoanyag.org.hu\/wp-content\/uploads\/2026\/03\/2025_03_cimlap-768x1068.png 768w, https:\/\/epitoanyag.org.hu\/wp-content\/uploads\/2026\/03\/2025_03_cimlap-1105x1536.png 1105w, https:\/\/epitoanyag.org.hu\/wp-content\/uploads\/2026\/03\/2025_03_cimlap-1473x2048.png 1473w, https:\/\/epitoanyag.org.hu\/wp-content\/uploads\/2026\/03\/2025_03_cimlap-600x834.png 600w\" sizes=\"(max-width: 1614px) 100vw, 1614px\" \/>\t\t\t\t\t\t\t\t<\/a>\n\t\t\t\t\t\t\t\t\t\t\t<\/div>\n\t\t\t\t<\/div>\n\t\t\t\t<\/div>\n\t\t\t\t\t\t<\/div>\n\t\t\t<\/div>\n\t\t<\/div>\n\t\t\t\t\t\t<\/div>\n\t\t\t<\/div>\n\t\t<\/section>\n\t\t\t\t\t<\/div>\n\t\t<\/div>\n\t\t<\/div>\n\t\t<\/div>\n\t\t\t\t<\/div>\n\t\t\t\t<\/div>\n\t\t\t\t<div class=\"elementor-element elementor-element-077c729 elementor-widget elementor-widget-heading\" data-id=\"077c729\" data-element_type=\"widget\" data-widget_type=\"heading.default\">\n\t\t\t\t<div class=\"elementor-widget-container\">\n\t\t\t<h2 class=\"elementor-heading-title elementor-size-default\">\u00c9p\u00edt\u0151anyag-JSBCM is referred by:<\/h2>\t\t<\/div>\n\t\t\t\t<\/div>\n\t\t\t\t<div class=\"elementor-element elementor-element-25a8849e elementor-widget elementor-widget-text-editor\" data-id=\"25a8849e\" data-element_type=\"widget\" data-widget_type=\"text-editor.default\">\n\t\t\t\t<div class=\"elementor-widget-container\">\n\t\t\t\t\t<div class=\"elementor-text-editor elementor-clearfix\"><a href=\"http:\/\/www.ebscohost.com\/\" target=\"_blank\" rel=\"noopener\"><img loading=\"lazy\" class=\"aligncenter\" src=\"https:\/\/epitoanyag.org.hu\/static\/upload\/ebscologofinal.png\" alt=\"\" width=\"50\" height=\"48\" \/><\/a><a href=\"http:\/\/www.proquest.com\/\" target=\"_blank\" rel=\"noopener\"><img loading=\"lazy\" class=\"aligncenter\" src=\"https:\/\/epitoanyag.org.hu\/static\/upload\/logoproquestfinal.png\" alt=\"\" width=\"80\" height=\"30\" \/><\/a><a href=\"http:\/\/mjl.clarivate.com\/cgi-bin\/jrnlst\/jlresults.cgi?PC=MASTER&amp;ISSN=*0013-970X%20\" target=\"_blank\" rel=\"noopener\"><img loading=\"lazy\" class=\"aligncenter\" src=\"https:\/\/epitoanyag.org.hu\/static\/upload\/ESCI.png\" alt=\"\" width=\"50\" height=\"49\" \/><\/a><a <\/a><a href=\"https:\/\/publons.com\/journal\/32066\/epitoanyag-journal-of-silicate-based-and-composite\/\" target=\"_blank\" rel=\"noopener\"><img loading=\"lazy\" class=\"aligncenter wp-image-14994\" src=\"https:\/\/epitoanyag.org.hu\/wp-content\/uploads\/2022\/05\/publons-logo-300x121.jpeg\" alt=\"\" width=\"106\" height=\"43\" srcset=\"https:\/\/epitoanyag.org.hu\/wp-content\/uploads\/2022\/05\/publons-logo-300x121.jpeg 300w, https:\/\/epitoanyag.org.hu\/wp-content\/uploads\/2022\/05\/publons-logo-1024x412.jpeg 1024w, https:\/\/epitoanyag.org.hu\/wp-content\/uploads\/2022\/05\/publons-logo-768x309.jpeg 768w, https:\/\/epitoanyag.org.hu\/wp-content\/uploads\/2022\/05\/publons-logo-1536x617.jpeg 1536w, https:\/\/epitoanyag.org.hu\/wp-content\/uploads\/2022\/05\/publons-logo-2048x823.jpeg 2048w, https:\/\/epitoanyag.org.hu\/wp-content\/uploads\/2022\/05\/publons-logo-600x241.jpeg 600w\" sizes=\"(max-width: 106px) 100vw, 106px\" \/>\n<\/a><a href=\"https:\/\/journals.indexcopernicus.com\/search\/details?jmlId=24781651&amp;org=Epitoanyag%20-%20Journal%20of%20Silicate%20Based%20and%20Composite%20Materials,p24781651,3.html\" target=\"_blank\" rel=\"noopener\"><img loading=\"lazy\" class=\"aligncenter\" src=\"https:\/\/epitoanyag.org.hu\/static\/upload\/index-copernicus.png\" alt=\"\" width=\"169\" height=\"35\" \/><\/a>\n<a href=\"https:\/\/scholar.google.com\/citations?hl=en&amp;view_op=search_venues&amp;vq=epitoanyag&amp;btnG=\" target=\"_blank\" rel=\"noopener\"><img loading=\"lazy\" class=\"aligncenter\" src=\"https:\/\/epitoanyag.org.hu\/static\/upload\/google-scholar-png.png\" alt=\"\" width=\"106\" height=\"30\" \/><\/a><\/div>\n\t\t\t\t<\/div>\n\t\t\t\t<\/div>\n\t\t\t\t<div class=\"elementor-element elementor-element-5612b5e5 elementor-widget elementor-widget-divider\" data-id=\"5612b5e5\" data-element_type=\"widget\" data-widget_type=\"divider.default\">\n\t\t\t\t<div class=\"elementor-widget-container\">\n\t\t\t\t\t<div class=\"elementor-divider\">\n\t\t\t<span class=\"elementor-divider-separator\">\n\t\t\t\t\t\t<\/span>\n\t\t<\/div>\n\t\t\t\t<\/div>\n\t\t\t\t<\/div>\n\t\t\t\t<div class=\"elementor-element elementor-element-6b896cc elementor-widget elementor-widget-heading\" data-id=\"6b896cc\" data-element_type=\"widget\" data-widget_type=\"heading.default\">\n\t\t\t\t<div class=\"elementor-widget-container\">\n\t\t\t<h2 class=\"elementor-heading-title elementor-size-default\">Metrics:<\/h2>\t\t<\/div>\n\t\t\t\t<\/div>\n\t\t\t\t<div class=\"elementor-element elementor-element-fb66f52 elementor-widget elementor-widget-text-editor\" data-id=\"fb66f52\" data-element_type=\"widget\" data-widget_type=\"text-editor.default\">\n\t\t\t\t<div class=\"elementor-widget-container\">\n\t\t\t\t\t<div class=\"elementor-text-editor elementor-clearfix\"><p><a href=\"https:\/\/scholar.google.com\/citations?hl=en&amp;view_op=search_venues&amp;vq=epitoanyag&amp;btnG=%20)\" target=\"_blank\" rel=\"noopener\">h5-index: 10<\/a>\u00a0 \u00a0 \u00a0<a href=\"https:\/\/scholar.google.com\/citations?hl=en&amp;view_op=search_venues&amp;vq=epitoanyag&amp;btnG=\" target=\"_blank\" rel=\"noopener\">h5-median: 15<\/a><\/p><p><a href=\"https:\/\/journals.indexcopernicus.com\/search\/form?search=Epitoanyag%20-%20Journal%20of%20Silicate%20Based%20and%20Composite%20Materials\" target=\"_blank\" rel=\"noopener\">Index Copernicus Value (ICV): 96.16 (2021)<\/a><\/p><p><a href=\"http:\/\/isi-impactfactor.com\/journals\/41)\" target=\"_blank\" rel=\"noopener\">ISI Impact Factor (IIF): 1.079<\/a><\/p><\/div>\n\t\t\t\t<\/div>\n\t\t\t\t<\/div>\n\t\t\t\t\t\t<\/div>\n\t\t\t<\/div>\n\t\t<\/div>\n\t\t\t\t\t\t<\/div>\n\t\t\t<\/div>\n\t\t<\/section>\n\t\t\t\t<section class=\"elementor-element elementor-element-535c421e elementor-section-boxed elementor-section-height-default elementor-section-height-default elementor-section elementor-top-section\" data-id=\"535c421e\" data-element_type=\"section\">\n\t\t\t\t\t\t<div class=\"elementor-container elementor-column-gap-default\">\n\t\t\t\t<div class=\"elementor-row\">\n\t\t\t\t<div class=\"elementor-element elementor-element-42d9bdc3 elementor-column elementor-col-100 elementor-top-column\" data-id=\"42d9bdc3\" data-element_type=\"column\">\n\t\t\t<div class=\"elementor-column-wrap\">\n\t\t\t\t\t<div class=\"elementor-widget-wrap\">\n\t\t\t\t\t\t<\/div>\n\t\t\t<\/div>\n\t\t<\/div>\n\t\t\t\t\t\t<\/div>\n\t\t\t<\/div>\n\t\t<\/section>\n\t\t\t\t\t\t<\/div>\n\t\t\t<\/div>\n\t\t<\/div>\n\t\t","protected":false},"excerpt":{"rendered":"<p>Journal of the Scientific Society of the Silicate Industry Editorial Board President: \u00c9va Eszter Dr. MAJOROSN\u00c9 Dr. LUBL\u00d3Y \u00a0\u2022 lubloy.eva@emk.bme.hu Editor-in-chief: Andr\u00e1s BIR\u00d3\u00a0\u2022\u00a0epitoanyag@szte.org.hu Editor: Emese Mestern\u00e9 Dr. KUROVICS \u00a0\u2022\u00a0emese.mesterne@uni-miskolc.hu Senior editor: Dr. habil. Adorj\u00e1n BOROSNY\u00d3I Honorary editor-in-chief: Ilona WOJN\u00c1ROVITSN\u00c9 Dr. HRAPKA Design editor: R\u00e9ka T\u00d3TH-ASZTALOS \u00a0 Members of the Editorial Board Prof. Dr. Parvin ALIZADEH, [&hellip;]<\/p>\n","protected":false},"author":1,"featured_media":0,"parent":0,"menu_order":0,"comment_status":"closed","ping_status":"closed","template":"elementor_header_footer","meta":[],"_links":{"self":[{"href":"https:\/\/epitoanyag.org.hu\/en\/wp-json\/wp\/v2\/pages\/1393"}],"collection":[{"href":"https:\/\/epitoanyag.org.hu\/en\/wp-json\/wp\/v2\/pages"}],"about":[{"href":"https:\/\/epitoanyag.org.hu\/en\/wp-json\/wp\/v2\/types\/page"}],"author":[{"embeddable":true,"href":"https:\/\/epitoanyag.org.hu\/en\/wp-json\/wp\/v2\/users\/1"}],"replies":[{"embeddable":true,"href":"https:\/\/epitoanyag.org.hu\/en\/wp-json\/wp\/v2\/comments?post=1393"}],"version-history":[{"count":19,"href":"https:\/\/epitoanyag.org.hu\/en\/wp-json\/wp\/v2\/pages\/1393\/revisions"}],"predecessor-version":[{"id":15668,"href":"https:\/\/epitoanyag.org.hu\/en\/wp-json\/wp\/v2\/pages\/1393\/revisions\/15668"}],"wp:attachment":[{"href":"https:\/\/epitoanyag.org.hu\/en\/wp-json\/wp\/v2\/media?parent=1393"}],"curies":[{"name":"wp","href":"https:\/\/api.w.org\/{rel}","templated":true}]}}