{"id":1399,"date":"2020-01-28T10:39:31","date_gmt":"2020-01-28T09:39:31","guid":{"rendered":"https:\/\/tesztepito.devsite.hu\/tamogatoink\/"},"modified":"2024-01-17T11:46:13","modified_gmt":"2024-01-17T09:46:13","slug":"sponsors","status":"publish","type":"page","link":"https:\/\/epitoanyag.org.hu\/en\/sponsors\/","title":{"rendered":"Sponsors"},"content":{"rendered":"\t\t<div data-elementor-type=\"wp-page\" data-elementor-id=\"1399\" class=\"elementor elementor-1399 elementor-626\" data-elementor-settings=\"[]\">\n\t\t\t<div class=\"elementor-inner\">\n\t\t\t\t<div class=\"elementor-section-wrap\">\n\t\t\t\t\t\t\t<section class=\"elementor-element elementor-element-534a19f elementor-section-boxed elementor-section-height-default elementor-section-height-default elementor-section elementor-top-section\" data-id=\"534a19f\" data-element_type=\"section\">\n\t\t\t\t\t\t<div class=\"elementor-container elementor-column-gap-no\">\n\t\t\t\t<div class=\"elementor-row\">\n\t\t\t\t<div class=\"elementor-element elementor-element-7502b96 elementor-column elementor-col-50 elementor-top-column\" data-id=\"7502b96\" data-element_type=\"column\">\n\t\t\t<div class=\"elementor-column-wrap  elementor-element-populated\">\n\t\t\t\t\t<div class=\"elementor-widget-wrap\">\n\t\t\t\t<div class=\"elementor-element elementor-element-d9a6e9f elementor-widget elementor-widget-text-editor\" data-id=\"d9a6e9f\" data-element_type=\"widget\" data-widget_type=\"text-editor.default\">\n\t\t\t\t<div class=\"elementor-widget-container\">\n\t\t\t\t\t<div class=\"elementor-text-editor elementor-clearfix\"><nav aria-label=\"breadcrumb\"><ol class=\"breadcrumb\" itemscope itemtype=\"https:\/\/schema.org\/BreadcrumbList\"><li class=\"breadcrumb-item active\" aria-current=\"page\" itemprop=\"itemListElement\" itemscope itemtype=\"https:\/\/schema.org\/ListItem\"><span itemprop=\"name\">F\u0151oldal<\/span><meta itemprop=\"position\" content=\"1\" \/><\/li><\/ol><\/nav><\/div>\n\t\t\t\t<\/div>\n\t\t\t\t<\/div>\n\t\t\t\t\t\t<\/div>\n\t\t\t<\/div>\n\t\t<\/div>\n\t\t\t\t<div class=\"elementor-element elementor-element-3cd0b12 elementor-column elementor-col-50 elementor-top-column\" data-id=\"3cd0b12\" data-element_type=\"column\">\n\t\t\t<div class=\"elementor-column-wrap  elementor-element-populated\">\n\t\t\t\t\t<div class=\"elementor-widget-wrap\">\n\t\t\t\t<div class=\"elementor-element elementor-element-61f88b0 elementor-widget elementor-widget-heading\" data-id=\"61f88b0\" data-element_type=\"widget\" data-widget_type=\"heading.default\">\n\t\t\t\t<div class=\"elementor-widget-container\">\n\t\t\t<p class=\"elementor-heading-title elementor-size-default\">Journal of the Scientific Society of the Silicate Industry<\/p>\t\t<\/div>\n\t\t\t\t<\/div>\n\t\t\t\t\t\t<\/div>\n\t\t\t<\/div>\n\t\t<\/div>\n\t\t\t\t<div class=\"elementor-element elementor-element-57457a1 elementor-column elementor-col-50 elementor-top-column\" data-id=\"57457a1\" data-element_type=\"column\">\n\t\t\t<div class=\"elementor-column-wrap  elementor-element-populated\">\n\t\t\t\t\t<div class=\"elementor-widget-wrap\">\n\t\t\t\t<div class=\"elementor-element elementor-element-89555f7 elementor-widget elementor-widget-image\" data-id=\"89555f7\" data-element_type=\"widget\" data-widget_type=\"image.default\">\n\t\t\t\t<div class=\"elementor-widget-container\">\n\t\t\t\t\t<div class=\"elementor-image\">\n\t\t\t\t\t\t\t\t\t\t\t<a href=\"https:\/\/szte.org.hu\/en\/\" target=\"_blank\" rel=\"nofollow\">\n\t\t\t\t\t\t\t<img width=\"14\" height=\"16\" src=\"https:\/\/epitoanyag.org.hu\/wp-content\/uploads\/2020\/02\/favicon-szte.png\" class=\"attachment-large size-large\" alt=\"\" loading=\"lazy\" \/>\t\t\t\t\t\t\t\t<\/a>\n\t\t\t\t\t\t\t\t\t\t\t<\/div>\n\t\t\t\t<\/div>\n\t\t\t\t<\/div>\n\t\t\t\t\t\t<\/div>\n\t\t\t<\/div>\n\t\t<\/div>\n\t\t\t\t\t\t<\/div>\n\t\t\t<\/div>\n\t\t<\/section>\n\t\t\t\t<section class=\"elementor-element elementor-element-64664d76 elementor-section-boxed elementor-section-height-default elementor-section-height-default elementor-section elementor-top-section\" data-id=\"64664d76\" data-element_type=\"section\">\n\t\t\t\t\t\t<div class=\"elementor-container elementor-column-gap-wider\">\n\t\t\t\t<div class=\"elementor-row\">\n\t\t\t\t<div class=\"elementor-element elementor-element-3c328040 elementor-column elementor-col-66 elementor-top-column\" data-id=\"3c328040\" data-element_type=\"column\">\n\t\t\t<div class=\"elementor-column-wrap  elementor-element-populated\">\n\t\t\t\t\t<div class=\"elementor-widget-wrap\">\n\t\t\t\t<div class=\"elementor-element elementor-element-1ea613d elementor-widget elementor-widget-spacer\" data-id=\"1ea613d\" data-element_type=\"widget\" data-widget_type=\"spacer.default\">\n\t\t\t\t<div class=\"elementor-widget-container\">\n\t\t\t\t\t<div class=\"elementor-spacer\">\n\t\t\t<div class=\"elementor-spacer-inner\"><\/div>\n\t\t<\/div>\n\t\t\t\t<\/div>\n\t\t\t\t<\/div>\n\t\t\t\t<div class=\"elementor-element elementor-element-725522bb elementor-widget elementor-widget-heading\" data-id=\"725522bb\" data-element_type=\"widget\" data-widget_type=\"heading.default\">\n\t\t\t\t<div class=\"elementor-widget-container\">\n\t\t\t<h1 class=\"elementor-heading-title elementor-size-default\">Sponsors<\/h1>\t\t<\/div>\n\t\t\t\t<\/div>\n\t\t\t\t<div class=\"elementor-element elementor-element-1c3bc25d elementor-widget elementor-widget-text-editor\" data-id=\"1c3bc25d\" data-element_type=\"widget\" data-widget_type=\"text-editor.default\">\n\t\t\t\t<div class=\"elementor-widget-container\">\n\t\t\t\t\t<div class=\"elementor-text-editor elementor-clearfix\"><p><strong>\u00c9p\u00edt\u0151anyag &#8211; Journal of Silicate Based and Composite Materials<\/strong>\u00a0is sponsored by the corporate members of the Scientific Society of the Silicate Industry.<\/p><p>3B Hung\u00e1ria Kft.<strong><em>\u00a0<\/em><\/strong><span style=\"color: #999999;\"><em>\u2022<\/em><strong><em>\u00a0<\/em><\/strong>8900 Zalaegerszeg, Wlassics Gyula u. 13.<\/span><br \/>ANZO Kft.<strong><em>\u00a0<\/em><\/strong><span style=\"color: #999999;\"><em>\u2022<\/em><strong><em>\u00a0<\/em><\/strong>3525 Miskolc, Sziv\u00e1rv\u00e1ny utca 2.<\/span><br \/>Baranya-T\u00e9gla Kft.<strong><em>\u00a0<\/em><\/strong><span style=\"color: #999999;\"><em>\u2022<\/em><strong><em>\u00a0<\/em><\/strong>7624 P\u00e9cs, Budai N. A. u. 1.\u00a0<\/span><br \/>Ber\u00e9nyi T\u00e9glaipari Kft.<strong><em>\u00a0<\/em><\/strong><span style=\"color: #999999;\"><em>\u2022<\/em><strong><em>\u00a0<\/em><\/strong>5650 Mez\u0151ber\u00e9ny, Gy\u00e1r utca 1.<\/span><br \/>Beton Technol\u00f3gia Centrum Kft.<strong><em>\u00a0<\/em><\/strong><span style=\"color: #999999;\"><em>\u2022<\/em><strong><em>\u00a0<\/em><\/strong>1107 Budapest, Basa u. 20-22.<\/span><br \/>Budai T\u00e9gla Zrt.<strong><em>\u00a0<\/em><\/strong><span style=\"color: #999999;\"><em>\u2022<\/em><strong><em>\u00a0<\/em><\/strong>1300 Budapest, Pf. 110.<\/span><br \/>Budapest Ker\u00e1mia Kft.<strong><em>\u00a0<\/em><\/strong><span style=\"color: #999999;\"><em>\u2022<\/em><strong><em>\u00a0<\/em><\/strong>1194 Budapest, Fadrusz utca 2.\u00a0<\/span><br \/>CERLUX Kft.<strong><em>\u00a0<\/em><\/strong><span style=\"color: #999999;\"><em>\u2022<\/em><strong><em>\u00a0<\/em><\/strong>5900 Orosh\u00e1za, Csorv\u00e1si \u00fat 68.\u00a0<\/span><br \/>COLAS-\u00c9SZAKK\u0150 B\u00e1ny\u00e1szati Kft.<strong><em>\u00a0<\/em><\/strong><span style=\"color: #999999;\"><em>\u2022<\/em><strong><em>\u00a0<\/em><\/strong>3915 Tarcal, Malom \u00fat 10.\u00a0<\/span><br \/>Electro-Coord Magyarorsz\u00e1g Nonprofit Kft.<strong><em>\u00a0<\/em><\/strong><span style=\"color: #999999;\"><em>\u2022<\/em><strong><em>\u00a0<\/em><\/strong>1132 Budapest, V\u00e1ci \u00fat 12. I. 1.<\/span><br \/>Feh\u00e9rv\u00e1ri T\u00e9glaipari Kft.<strong><em>\u00a0<\/em><\/strong><span style=\"color: #999999;\"><em>\u2022\u00a0<\/em>8000 Sz\u00e9kesfeh\u00e9rv\u00e1r K\u00fclter\u00fclet 200 23\/5 hrsz\u00a0<\/span><br \/>F\u00e1tyol\u00fcveg Gy\u00e1rt\u00f3 \u00e9s Kereskedelmi Kft.<strong><em>\u00a0<\/em><\/strong><span style=\"color: #999999;\"><em>\u2022<\/em><strong><em>\u00a0<\/em><\/strong>5300 Karcag, Kazinczy \u00fat 13.\u00a0<\/span><br \/>Geoteam Kutat\u00e1si \u00e9s V\u00e1llalkoz\u00e1si Kft.<strong><em>\u00a0<\/em><\/strong><span style=\"color: #999999;\"><em>\u2022<\/em><strong><em>\u00a0<\/em><\/strong>3300 Eger, Kert\u00e9sz \u00fat 146.<\/span><br \/>Guardian Orosh\u00e1za Kft.<strong><em>\u00a0<\/em><\/strong><span style=\"color: #999999;\"><em>\u2022<\/em><strong><em>\u00a0<\/em><\/strong>5900 Orosh\u00e1za, Csorv\u00e1si \u00fat 31.<\/span><br \/>Interker\u00e1m Kft.<strong><em>\u00a0<\/em><\/strong><span style=\"color: #999999;\"><em>\u2022<\/em><strong><em>\u00a0<\/em><\/strong>6000 Kecskem\u00e9t, Parasztf\u0151iskola 12-16. Pf.: 197.\u00a0<\/span><br \/>KK Kavics Beton Kft.<strong><em>\u00a0<\/em><\/strong><span style=\"color: #999999;\"><em>\u2022<\/em><strong><em>\u00a0<\/em><\/strong>1053 Budapest, Ferenciek tere 2.<\/span><br \/>K\u0150KA K\u0151- \u00e9s Kavicsb\u00e1ny\u00e1szati Kft. MECSEKK\u0150<strong><em>\u00a0<\/em><\/strong><span style=\"color: #999999;\"><em>\u2022<\/em><strong><em>\u00a0<\/em><\/strong>7300 Koml\u00f3, K\u0151b\u00e1nya 0297 hrsz.\u00a0<\/span><br \/>KTI Nonprofit Kft.<strong><em>\u00a0<\/em><\/strong><span style=\"color: #999999;\"><em>\u2022<\/em><strong><em>\u00a0<\/em><\/strong>1119 Budapest, Th\u00e1n K\u00e1roly u. 3-5. <\/span><span style=\"color: #999999;\">\u00a0\u00a0<\/span><br \/>Lighttech L\u00e1mpatechnol\u00f3giai Kft.<strong><em>\u00a0<\/em><\/strong><span style=\"color: #999999;\"><em>\u2022<\/em><strong><em>\u00a0<\/em><\/strong>2120 Dunakeszi, Hegyrej\u00e1r\u00f3 utca 1.\u00a0<\/span><br \/>Messer Hungarog\u00e1z Kft.<strong><em>\u00a0<\/em><\/strong><span style=\"color: #999999;\"><em>\u2022<\/em><strong><em>\u00a0<\/em><\/strong>1044 Budapest, V\u00e1ci \u00fat 117.\u00a0\u00a0<\/span><br \/>MINERALHOLDING Kft.<strong><em>\u00a0<\/em><\/strong><span style=\"color: #999999;\"><em>\u2022<\/em><strong><em>\u00a0<\/em><\/strong>1106 Budapest, Feh\u00e9r \u00fat 10.\u00a0<\/span><br \/>MOTIM K\u00e1dk\u0151 Kft.<strong><em>\u00a0<\/em><\/strong><span style=\"color: #999999;\"><em>\u2022<\/em><strong><em>\u00a0<\/em><\/strong>9200 Mosonmagyar\u00f3v\u00e1r, Timf\u00f6ldgy\u00e1r u. 9-13.<\/span><br \/>O-I Manufacturing Magyarorsz\u00e1g Kft.<strong><em>\u00a0<\/em><\/strong><span style=\"color: #999999;\"><em>\u2022<\/em><strong><em>\u00a0<\/em><\/strong>5900 Orosh\u00e1za, Csorv\u00e1si \u00fat 5.\u00a0<\/span><br \/>P\u00e1patesz\u00e9ri T\u00e9glaipari Kft.<strong><em>\u00a0<\/em><\/strong><span style=\"color: #999999;\"><em>\u2022<\/em><strong><em>\u00a0<\/em><\/strong>8556 P\u00e1patesz\u00e9r, T\u00e9glagy\u00e1ri \u00fat 1.\u00a0<\/span><br \/>Perlit-92 Kft.<strong><em>\u00a0<\/em><\/strong><span style=\"color: #999999;\"><em>\u2022<\/em><strong><em>\u00a0<\/em><\/strong>3994 P\u00e1lh\u00e1za, Ipartelep \u00fat 22-24.\u00a0<\/span><br \/>QM System Kft.<strong><em>\u00a0<\/em><\/strong><span style=\"color: #999999;\"><em>\u2022<\/em><strong><em>\u00a0<\/em><\/strong>1034 Budapest, B\u00e9csi \u00fat 126-128.<\/span><br \/>Q &amp; L Tervez\u0151 \u00e9s Tan\u00e1csad\u00f3 Kft.<strong><em>\u00a0<\/em><\/strong><span style=\"color: #999999;\"><em>\u2022<\/em><strong><em>\u00a0<\/em><\/strong>1118 Budapest, Vill\u00e1nyi \u00fat 115. fszt. 1.\u00a0<\/span><br \/>R\u00e1kosy Glass Kft.<strong><em>\u00a0<\/em><\/strong><span style=\"color: #999999;\"><em>\u2022<\/em><strong><em>\u00a0<\/em><\/strong>1103 Budapest, Noszlopy u. 5.\u00a0<\/span><br \/>RATH Hung\u00e1ria T\u0171z\u00e1ll\u00f3 Kft.<strong><em>\u00a0<\/em><\/strong><span style=\"color: #999999;\"><em>\u2022<\/em><strong><em>\u00a0<\/em><\/strong>1106 Budapest, Porcel\u00e1n u. 1.\u00a0<\/span><br \/>Rockwool Hungary Kft. Tapolcai gy\u00e1r<strong><em>\u00a0<\/em><\/strong><span style=\"color: #999999;\"><em>\u2022<\/em><strong><em>\u00a0<\/em><\/strong>8300 Tapolca, Keszthelyi \u00fat 53.\u00a0<\/span><br \/>Speci\u00e1lbau Kft.<strong><em>\u00a0<\/em><\/strong><span style=\"color: #999999;\"><em>\u2022<\/em><strong><em>\u00a0<\/em><\/strong>1048 Budapest, Cs\u00edksomly\u00f3 utca 4\/B I. 5.\u00a0<\/span><br \/>SZIKKTI Labor Kft.<strong><em>\u00a0<\/em><\/strong><span style=\"color: #999999;\"><em>\u2022<\/em><strong><em>\u00a0<\/em><\/strong>1034 Budapest, B\u00e9csi \u00fat 122-124.<\/span>\u00a0<br \/>Term\u00e9szettudom\u00e1nyi Kutat\u00f3k\u00f6zpont<strong><em>\u00a0<\/em><\/strong><span style=\"color: #999999;\"><em>\u2022<\/em><strong><em>\u00a0<\/em><\/strong>1117 Budapest, Magyaer tud\u00f3sok krt. 2.\u00a0<\/span><br \/>ZALAKER\u00c1MIA Zrt.<strong><em>\u00a0<\/em><\/strong><span style=\"color: #999999;\"><em>\u2022<\/em><strong><em>\u00a0<\/em><\/strong>8946 T\u00f3fej, R\u00e1k\u00f3czi \u00fat 44.<\/span><\/p><\/div>\n\t\t\t\t<\/div>\n\t\t\t\t<\/div>\n\t\t\t\t\t\t<\/div>\n\t\t\t<\/div>\n\t\t<\/div>\n\t\t\t\t<div class=\"elementor-element elementor-element-75b1eff7 elementor-column elementor-col-33 elementor-top-column\" data-id=\"75b1eff7\" data-element_type=\"column\">\n\t\t\t<div class=\"elementor-column-wrap  elementor-element-populated\">\n\t\t\t\t\t<div class=\"elementor-widget-wrap\">\n\t\t\t\t<div class=\"elementor-element elementor-element-13cee5e elementor-widget elementor-widget-heading\" data-id=\"13cee5e\" data-element_type=\"widget\" data-widget_type=\"heading.default\">\n\t\t\t\t<div class=\"elementor-widget-container\">\n\t\t\t<h2 class=\"elementor-heading-title elementor-size-default\">Current Issues<\/h2>\t\t<\/div>\n\t\t\t\t<\/div>\n\t\t\t\t<div class=\"elementor-element elementor-element-be7ad6c elementor-widget elementor-widget-shortcode\" data-id=\"be7ad6c\" data-element_type=\"widget\" data-widget_type=\"shortcode.default\">\n\t\t\t\t<div class=\"elementor-widget-container\">\n\t\t\t\t\t<div class=\"elementor-shortcode\">\t\t<div data-elementor-type=\"section\" data-elementor-id=\"14217\" class=\"elementor elementor-14217 elementor-14200\" data-elementor-settings=\"[]\">\n\t\t<div class=\"elementor-inner\">\n\t\t\t<div class=\"elementor-section-wrap\">\n\t\t\t\t\t\t<section class=\"elementor-element elementor-element-76f58e9 elementor-section-boxed elementor-section-height-default elementor-section-height-default elementor-section elementor-top-section\" data-id=\"76f58e9\" data-element_type=\"section\">\n\t\t\t\t\t\t<div class=\"elementor-container elementor-column-gap-default\">\n\t\t\t\t<div class=\"elementor-row\">\n\t\t\t\t<div class=\"elementor-element elementor-element-2dc3a7e elementor-column elementor-col-100 elementor-top-column\" data-id=\"2dc3a7e\" data-element_type=\"column\">\n\t\t\t<div class=\"elementor-column-wrap  elementor-element-populated\">\n\t\t\t\t\t<div class=\"elementor-widget-wrap\">\n\t\t\t\t<div class=\"elementor-element elementor-element-bb3883c elementor-widget elementor-widget-image\" data-id=\"bb3883c\" data-element_type=\"widget\" data-widget_type=\"image.default\">\n\t\t\t\t<div class=\"elementor-widget-container\">\n\t\t\t\t\t<div class=\"elementor-image\">\n\t\t\t\t\t\t\t\t\t\t\t<a href=\"\/en\/downloadable-issues\/\">\n\t\t\t\t\t\t\t<img width=\"1614\" height=\"2244\" src=\"https:\/\/epitoanyag.org.hu\/wp-content\/uploads\/2026\/03\/2025_03_cimlap.png\" class=\"attachment-full size-full\" alt=\"\" loading=\"lazy\" srcset=\"https:\/\/epitoanyag.org.hu\/wp-content\/uploads\/2026\/03\/2025_03_cimlap.png 1614w, https:\/\/epitoanyag.org.hu\/wp-content\/uploads\/2026\/03\/2025_03_cimlap-216x300.png 216w, https:\/\/epitoanyag.org.hu\/wp-content\/uploads\/2026\/03\/2025_03_cimlap-737x1024.png 737w, https:\/\/epitoanyag.org.hu\/wp-content\/uploads\/2026\/03\/2025_03_cimlap-768x1068.png 768w, https:\/\/epitoanyag.org.hu\/wp-content\/uploads\/2026\/03\/2025_03_cimlap-1105x1536.png 1105w, https:\/\/epitoanyag.org.hu\/wp-content\/uploads\/2026\/03\/2025_03_cimlap-1473x2048.png 1473w, https:\/\/epitoanyag.org.hu\/wp-content\/uploads\/2026\/03\/2025_03_cimlap-600x834.png 600w\" sizes=\"(max-width: 1614px) 100vw, 1614px\" \/>\t\t\t\t\t\t\t\t<\/a>\n\t\t\t\t\t\t\t\t\t\t\t<\/div>\n\t\t\t\t<\/div>\n\t\t\t\t<\/div>\n\t\t\t\t\t\t<\/div>\n\t\t\t<\/div>\n\t\t<\/div>\n\t\t\t\t\t\t<\/div>\n\t\t\t<\/div>\n\t\t<\/section>\n\t\t\t\t\t<\/div>\n\t\t<\/div>\n\t\t<\/div>\n\t\t<\/div>\n\t\t\t\t<\/div>\n\t\t\t\t<\/div>\n\t\t\t\t<div class=\"elementor-element elementor-element-3103b59 elementor-widget elementor-widget-heading\" data-id=\"3103b59\" data-element_type=\"widget\" data-widget_type=\"heading.default\">\n\t\t\t\t<div class=\"elementor-widget-container\">\n\t\t\t<h2 class=\"elementor-heading-title elementor-size-default\">\u00c9p\u00edt\u0151anyag-JSBCM is referred by:<\/h2>\t\t<\/div>\n\t\t\t\t<\/div>\n\t\t\t\t<div class=\"elementor-element elementor-element-78f8e50c elementor-widget elementor-widget-text-editor\" data-id=\"78f8e50c\" data-element_type=\"widget\" data-widget_type=\"text-editor.default\">\n\t\t\t\t<div class=\"elementor-widget-container\">\n\t\t\t\t\t<div class=\"elementor-text-editor elementor-clearfix\"><a href=\"http:\/\/www.ebscohost.com\/\" target=\"_blank\" rel=\"noopener\"><img loading=\"lazy\" class=\"aligncenter\" src=\"https:\/\/epitoanyag.org.hu\/static\/upload\/ebscologofinal.png\" alt=\"\" width=\"50\" height=\"48\" \/><\/a><a href=\"http:\/\/www.proquest.com\/\" target=\"_blank\" rel=\"noopener\"><img loading=\"lazy\" class=\"aligncenter\" src=\"https:\/\/epitoanyag.org.hu\/static\/upload\/logoproquestfinal.png\" alt=\"\" width=\"80\" height=\"30\" \/><\/a><a href=\"http:\/\/mjl.clarivate.com\/cgi-bin\/jrnlst\/jlresults.cgi?PC=MASTER&amp;ISSN=*0013-970X%20\" target=\"_blank\" rel=\"noopener\"><img loading=\"lazy\" class=\"aligncenter\" src=\"https:\/\/epitoanyag.org.hu\/static\/upload\/ESCI.png\" alt=\"\" width=\"50\" height=\"49\" \/><\/a><a <\/a><a href=\"https:\/\/publons.com\/journal\/32066\/epitoanyag-journal-of-silicate-based-and-composite\/\" target=\"_blank\" rel=\"noopener\"><img loading=\"lazy\" class=\"aligncenter wp-image-14994\" src=\"https:\/\/epitoanyag.org.hu\/wp-content\/uploads\/2022\/05\/publons-logo-300x121.jpeg\" alt=\"\" width=\"106\" height=\"43\" srcset=\"https:\/\/epitoanyag.org.hu\/wp-content\/uploads\/2022\/05\/publons-logo-300x121.jpeg 300w, https:\/\/epitoanyag.org.hu\/wp-content\/uploads\/2022\/05\/publons-logo-1024x412.jpeg 1024w, https:\/\/epitoanyag.org.hu\/wp-content\/uploads\/2022\/05\/publons-logo-768x309.jpeg 768w, https:\/\/epitoanyag.org.hu\/wp-content\/uploads\/2022\/05\/publons-logo-1536x617.jpeg 1536w, https:\/\/epitoanyag.org.hu\/wp-content\/uploads\/2022\/05\/publons-logo-2048x823.jpeg 2048w, https:\/\/epitoanyag.org.hu\/wp-content\/uploads\/2022\/05\/publons-logo-600x241.jpeg 600w\" sizes=\"(max-width: 106px) 100vw, 106px\" \/>\n<\/a><a href=\"https:\/\/journals.indexcopernicus.com\/search\/details?jmlId=24781651&amp;org=Epitoanyag%20-%20Journal%20of%20Silicate%20Based%20and%20Composite%20Materials,p24781651,3.html\" target=\"_blank\" rel=\"noopener\"><img loading=\"lazy\" class=\"aligncenter\" src=\"https:\/\/epitoanyag.org.hu\/static\/upload\/index-copernicus.png\" alt=\"\" width=\"169\" height=\"35\" \/><\/a>\n<a href=\"https:\/\/scholar.google.com\/citations?hl=en&amp;view_op=search_venues&amp;vq=epitoanyag&amp;btnG=\" target=\"_blank\" rel=\"noopener\"><img loading=\"lazy\" class=\"aligncenter\" src=\"https:\/\/epitoanyag.org.hu\/static\/upload\/google-scholar-png.png\" alt=\"\" width=\"106\" height=\"30\" \/><\/a><\/div>\n\t\t\t\t<\/div>\n\t\t\t\t<\/div>\n\t\t\t\t<div class=\"elementor-element elementor-element-4ec41ef8 elementor-widget elementor-widget-divider\" data-id=\"4ec41ef8\" data-element_type=\"widget\" data-widget_type=\"divider.default\">\n\t\t\t\t<div class=\"elementor-widget-container\">\n\t\t\t\t\t<div class=\"elementor-divider\">\n\t\t\t<span class=\"elementor-divider-separator\">\n\t\t\t\t\t\t<\/span>\n\t\t<\/div>\n\t\t\t\t<\/div>\n\t\t\t\t<\/div>\n\t\t\t\t<div class=\"elementor-element elementor-element-73a60dc elementor-widget elementor-widget-heading\" data-id=\"73a60dc\" data-element_type=\"widget\" data-widget_type=\"heading.default\">\n\t\t\t\t<div class=\"elementor-widget-container\">\n\t\t\t<h2 class=\"elementor-heading-title elementor-size-default\">Metrics:<\/h2>\t\t<\/div>\n\t\t\t\t<\/div>\n\t\t\t\t<div class=\"elementor-element elementor-element-fa2ea7f elementor-widget elementor-widget-text-editor\" data-id=\"fa2ea7f\" data-element_type=\"widget\" data-widget_type=\"text-editor.default\">\n\t\t\t\t<div class=\"elementor-widget-container\">\n\t\t\t\t\t<div class=\"elementor-text-editor elementor-clearfix\"><p><a href=\"https:\/\/scholar.google.com\/citations?hl=en&amp;view_op=search_venues&amp;vq=epitoanyag&amp;btnG=%20)\" target=\"_blank\" rel=\"noopener\">h5-index: 10<\/a>\u00a0 \u00a0 \u00a0<a href=\"https:\/\/scholar.google.com\/citations?hl=en&amp;view_op=search_venues&amp;vq=epitoanyag&amp;btnG=\" target=\"_blank\" rel=\"noopener\">h5-median: 15<\/a><\/p><p><a href=\"https:\/\/journals.indexcopernicus.com\/search\/form?search=Epitoanyag%20-%20Journal%20of%20Silicate%20Based%20and%20Composite%20Materials\" target=\"_blank\" rel=\"noopener\">Index Copernicus Value (ICV): 96.16 (2021)<\/a><\/p><p><a href=\"http:\/\/isi-impactfactor.com\/journals\/41)\" target=\"_blank\" rel=\"noopener\">ISI Impact Factor (IIF): 1.079<\/a><\/p><\/div>\n\t\t\t\t<\/div>\n\t\t\t\t<\/div>\n\t\t\t\t\t\t<\/div>\n\t\t\t<\/div>\n\t\t<\/div>\n\t\t\t\t\t\t<\/div>\n\t\t\t<\/div>\n\t\t<\/section>\n\t\t\t\t<section class=\"elementor-element elementor-element-71465399 elementor-section-boxed elementor-section-height-default elementor-section-height-default elementor-section elementor-top-section\" data-id=\"71465399\" data-element_type=\"section\">\n\t\t\t\t\t\t<div class=\"elementor-container elementor-column-gap-default\">\n\t\t\t\t<div class=\"elementor-row\">\n\t\t\t\t<div class=\"elementor-element elementor-element-600c35ce elementor-column elementor-col-100 elementor-top-column\" data-id=\"600c35ce\" data-element_type=\"column\">\n\t\t\t<div class=\"elementor-column-wrap\">\n\t\t\t\t\t<div class=\"elementor-widget-wrap\">\n\t\t\t\t\t\t<\/div>\n\t\t\t<\/div>\n\t\t<\/div>\n\t\t\t\t\t\t<\/div>\n\t\t\t<\/div>\n\t\t<\/section>\n\t\t\t\t\t\t<\/div>\n\t\t\t<\/div>\n\t\t<\/div>\n\t\t","protected":false},"excerpt":{"rendered":"<p>Journal of the Scientific Society of the Silicate Industry Sponsors \u00c9p\u00edt\u0151anyag &#8211; Journal of Silicate Based and Composite Materials\u00a0is sponsored by the corporate members of the Scientific Society of the Silicate Industry. 3B Hung\u00e1ria Kft.\u00a0\u2022\u00a08900 Zalaegerszeg, Wlassics Gyula u. 13.ANZO Kft.\u00a0\u2022\u00a03525 Miskolc, Sziv\u00e1rv\u00e1ny utca 2.Baranya-T\u00e9gla Kft.\u00a0\u2022\u00a07624 P\u00e9cs, Budai N. A. u. 1.\u00a0Ber\u00e9nyi T\u00e9glaipari Kft.\u00a0\u2022\u00a05650 Mez\u0151ber\u00e9ny, [&hellip;]<\/p>\n","protected":false},"author":1,"featured_media":0,"parent":0,"menu_order":0,"comment_status":"closed","ping_status":"closed","template":"elementor_header_footer","meta":[],"_links":{"self":[{"href":"https:\/\/epitoanyag.org.hu\/en\/wp-json\/wp\/v2\/pages\/1399"}],"collection":[{"href":"https:\/\/epitoanyag.org.hu\/en\/wp-json\/wp\/v2\/pages"}],"about":[{"href":"https:\/\/epitoanyag.org.hu\/en\/wp-json\/wp\/v2\/types\/page"}],"author":[{"embeddable":true,"href":"https:\/\/epitoanyag.org.hu\/en\/wp-json\/wp\/v2\/users\/1"}],"replies":[{"embeddable":true,"href":"https:\/\/epitoanyag.org.hu\/en\/wp-json\/wp\/v2\/comments?post=1399"}],"version-history":[{"count":11,"href":"https:\/\/epitoanyag.org.hu\/en\/wp-json\/wp\/v2\/pages\/1399\/revisions"}],"predecessor-version":[{"id":15464,"href":"https:\/\/epitoanyag.org.hu\/en\/wp-json\/wp\/v2\/pages\/1399\/revisions\/15464"}],"wp:attachment":[{"href":"https:\/\/epitoanyag.org.hu\/en\/wp-json\/wp\/v2\/media?parent=1399"}],"curies":[{"name":"wp","href":"https:\/\/api.w.org\/{rel}","templated":true}]}}