{"id":1403,"date":"2020-01-28T10:30:20","date_gmt":"2020-01-28T09:30:20","guid":{"rendered":"https:\/\/tesztepito.devsite.hu\/tortenetunk\/"},"modified":"2025-03-13T12:31:23","modified_gmt":"2025-03-13T10:31:23","slug":"history","status":"publish","type":"page","link":"https:\/\/epitoanyag.org.hu\/en\/history\/","title":{"rendered":"History"},"content":{"rendered":"\t\t<div data-elementor-type=\"wp-page\" data-elementor-id=\"1403\" class=\"elementor elementor-1403 elementor-616\" data-elementor-settings=\"[]\">\n\t\t\t<div class=\"elementor-inner\">\n\t\t\t\t<div class=\"elementor-section-wrap\">\n\t\t\t\t\t\t\t<section class=\"elementor-element elementor-element-8a92b49 elementor-section-boxed elementor-section-height-default elementor-section-height-default elementor-section elementor-top-section\" data-id=\"8a92b49\" data-element_type=\"section\">\n\t\t\t\t\t\t<div class=\"elementor-container elementor-column-gap-no\">\n\t\t\t\t<div class=\"elementor-row\">\n\t\t\t\t<div class=\"elementor-element elementor-element-a4a4a65 elementor-column elementor-col-50 elementor-top-column\" data-id=\"a4a4a65\" data-element_type=\"column\">\n\t\t\t<div class=\"elementor-column-wrap  elementor-element-populated\">\n\t\t\t\t\t<div class=\"elementor-widget-wrap\">\n\t\t\t\t<div class=\"elementor-element elementor-element-6ab7988 elementor-widget elementor-widget-text-editor\" data-id=\"6ab7988\" data-element_type=\"widget\" data-widget_type=\"text-editor.default\">\n\t\t\t\t<div class=\"elementor-widget-container\">\n\t\t\t\t\t<div class=\"elementor-text-editor elementor-clearfix\"><nav aria-label=\"breadcrumb\"><ol class=\"breadcrumb\" itemscope itemtype=\"https:\/\/schema.org\/BreadcrumbList\"><li class=\"breadcrumb-item active\" aria-current=\"page\" itemprop=\"itemListElement\" itemscope itemtype=\"https:\/\/schema.org\/ListItem\"><span itemprop=\"name\">F\u0151oldal<\/span><meta itemprop=\"position\" content=\"1\" \/><\/li><\/ol><\/nav><\/div>\n\t\t\t\t<\/div>\n\t\t\t\t<\/div>\n\t\t\t\t\t\t<\/div>\n\t\t\t<\/div>\n\t\t<\/div>\n\t\t\t\t<div class=\"elementor-element elementor-element-f3130a7 elementor-column elementor-col-50 elementor-top-column\" data-id=\"f3130a7\" data-element_type=\"column\">\n\t\t\t<div class=\"elementor-column-wrap  elementor-element-populated\">\n\t\t\t\t\t<div class=\"elementor-widget-wrap\">\n\t\t\t\t<div class=\"elementor-element elementor-element-e13776f elementor-widget elementor-widget-heading\" data-id=\"e13776f\" data-element_type=\"widget\" data-widget_type=\"heading.default\">\n\t\t\t\t<div class=\"elementor-widget-container\">\n\t\t\t<p class=\"elementor-heading-title elementor-size-default\">Journal of the Scientific Society of the Silicate Industry<\/p>\t\t<\/div>\n\t\t\t\t<\/div>\n\t\t\t\t\t\t<\/div>\n\t\t\t<\/div>\n\t\t<\/div>\n\t\t\t\t<div class=\"elementor-element elementor-element-2cc0487 elementor-column elementor-col-50 elementor-top-column\" data-id=\"2cc0487\" data-element_type=\"column\">\n\t\t\t<div class=\"elementor-column-wrap  elementor-element-populated\">\n\t\t\t\t\t<div class=\"elementor-widget-wrap\">\n\t\t\t\t<div class=\"elementor-element elementor-element-62795b5 elementor-widget elementor-widget-image\" data-id=\"62795b5\" data-element_type=\"widget\" data-widget_type=\"image.default\">\n\t\t\t\t<div class=\"elementor-widget-container\">\n\t\t\t\t\t<div class=\"elementor-image\">\n\t\t\t\t\t\t\t\t\t\t\t<a href=\"https:\/\/szte.org.hu\/en\/\" target=\"_blank\" rel=\"nofollow\">\n\t\t\t\t\t\t\t<img width=\"14\" height=\"16\" src=\"https:\/\/epitoanyag.org.hu\/wp-content\/uploads\/2020\/02\/favicon-szte.png\" class=\"attachment-full size-full\" alt=\"\" loading=\"lazy\" \/>\t\t\t\t\t\t\t\t<\/a>\n\t\t\t\t\t\t\t\t\t\t\t<\/div>\n\t\t\t\t<\/div>\n\t\t\t\t<\/div>\n\t\t\t\t\t\t<\/div>\n\t\t\t<\/div>\n\t\t<\/div>\n\t\t\t\t\t\t<\/div>\n\t\t\t<\/div>\n\t\t<\/section>\n\t\t\t\t<section class=\"elementor-element elementor-element-13cbe18e elementor-section-boxed elementor-section-height-default elementor-section-height-default elementor-section elementor-top-section\" data-id=\"13cbe18e\" data-element_type=\"section\">\n\t\t\t\t\t\t<div class=\"elementor-container elementor-column-gap-wider\">\n\t\t\t\t<div class=\"elementor-row\">\n\t\t\t\t<div class=\"elementor-element elementor-element-143c3435 elementor-column elementor-col-66 elementor-top-column\" data-id=\"143c3435\" data-element_type=\"column\">\n\t\t\t<div class=\"elementor-column-wrap  elementor-element-populated\">\n\t\t\t\t\t<div class=\"elementor-widget-wrap\">\n\t\t\t\t<div class=\"elementor-element elementor-element-60511b7 elementor-widget elementor-widget-spacer\" data-id=\"60511b7\" data-element_type=\"widget\" data-widget_type=\"spacer.default\">\n\t\t\t\t<div class=\"elementor-widget-container\">\n\t\t\t\t\t<div class=\"elementor-spacer\">\n\t\t\t<div class=\"elementor-spacer-inner\"><\/div>\n\t\t<\/div>\n\t\t\t\t<\/div>\n\t\t\t\t<\/div>\n\t\t\t\t<div class=\"elementor-element elementor-element-6f064534 elementor-widget elementor-widget-heading\" data-id=\"6f064534\" data-element_type=\"widget\" data-widget_type=\"heading.default\">\n\t\t\t\t<div class=\"elementor-widget-container\">\n\t\t\t<h1 class=\"elementor-heading-title elementor-size-default\">History\n<\/h1>\t\t<\/div>\n\t\t\t\t<\/div>\n\t\t\t\t<div class=\"elementor-element elementor-element-37841f7c elementor-widget elementor-widget-text-editor\" data-id=\"37841f7c\" data-element_type=\"widget\" data-widget_type=\"text-editor.default\">\n\t\t\t\t<div class=\"elementor-widget-container\">\n\t\t\t\t\t<div class=\"elementor-text-editor elementor-clearfix\"><p>In the December of 1948, Mr. Ferenc Sikl\u00f3s, senior officer of the Hungarian Ministry of Heavy Industry has called together the most respected leaders of the Hungarian construction materials industry to discuss the conditions of possibilities of the industry, being rather out of date at that time. As a result,\u00a0<strong>the Scientific Society of the Construction Materials Industry was officially formed in 27 January 1949, and the journal \u00c9p\u00edt\u0151anyag has been released<\/strong>. The journal has been started as a scientific forum.<\/p><p>Launching of a national scientific journal would have needed a calm and peaceful country and the background support of the stable industry. None of these were available in 1949, just years after the WWII that was almost an ultimate havoc for the continent. Organized construction materials industry or integrated control over the industry was not set in Hungary.<\/p><p>It was difficult to decide during those hard times that scientific or practical information would be of more interest in a new technical journal. Rehabilitation of the country\u2019s built environment and the immediate starting of the production of the industry were above all purposes. First issue of the journal \u00c9p\u00edt\u0151anyag demonstrated that the management of the Society has called the country\u2019s attention to the restoration and prompt starting of the production of the industry as intensively as possible \u2013 by the advantages of the modern techniques.<\/p><p>Number of the printed issues was a couple of hundreds in the beginning but was increased over thousand soon and finally reached two thousand. During the last more than 65 years the number of the published scientific papers exceeded 3000 in the journal \u00c9p\u00edt\u0151anyag. Former Editor-in-Chiefs are Mr. Jen\u0151 Becz, Mr. \u00c1d\u00e1m Sz\u00e9kely, Mrs. L\u00e1szl\u00f3n\u00e9 Wojn\u00e1rovits, Mrs. R\u00e9ka T\u00f3th-Asztalos, Mr. Adorj\u00e1n Borosny\u00f3i, Mr. Zolt\u00e1n Gyurk\u00f3, Mrs. Emese Kurovics.<\/p><p>Recently the appearance of the journal has been renewed and majority of the published papers is provided in English. As the latest development, the online platform of the journal has been set up to offer an international availability.<\/p><p>Most important aim of the\u00a0<a href=\"\/en\/editorial-board\">Editorial Board<\/a>\u00a0is that readers of\u00a0<strong>\u00c9p\u00edt\u0151anyag &#8211; Journal of Silicate Based and Composite Materials<\/strong>\u00a0can get high value, state-of-the-art scientific and technical papers from the national and international industrial and research community and to further promote and foster the professional development of the engineers working in the construction materials industry and most of all in the silicate industry<\/p><\/div>\n\t\t\t\t<\/div>\n\t\t\t\t<\/div>\n\t\t\t\t\t\t<\/div>\n\t\t\t<\/div>\n\t\t<\/div>\n\t\t\t\t<div class=\"elementor-element elementor-element-384b10f2 elementor-column elementor-col-33 elementor-top-column\" data-id=\"384b10f2\" data-element_type=\"column\">\n\t\t\t<div class=\"elementor-column-wrap  elementor-element-populated\">\n\t\t\t\t\t<div class=\"elementor-widget-wrap\">\n\t\t\t\t<div class=\"elementor-element elementor-element-9787723 elementor-widget elementor-widget-heading\" data-id=\"9787723\" data-element_type=\"widget\" data-widget_type=\"heading.default\">\n\t\t\t\t<div class=\"elementor-widget-container\">\n\t\t\t<h2 class=\"elementor-heading-title elementor-size-default\">Current Issues<\/h2>\t\t<\/div>\n\t\t\t\t<\/div>\n\t\t\t\t<div class=\"elementor-element elementor-element-3461e81 elementor-widget elementor-widget-shortcode\" data-id=\"3461e81\" data-element_type=\"widget\" data-widget_type=\"shortcode.default\">\n\t\t\t\t<div class=\"elementor-widget-container\">\n\t\t\t\t\t<div class=\"elementor-shortcode\">\t\t<div data-elementor-type=\"section\" data-elementor-id=\"14217\" class=\"elementor elementor-14217 elementor-14200\" data-elementor-settings=\"[]\">\n\t\t<div class=\"elementor-inner\">\n\t\t\t<div class=\"elementor-section-wrap\">\n\t\t\t\t\t\t<section class=\"elementor-element elementor-element-76f58e9 elementor-section-boxed elementor-section-height-default elementor-section-height-default elementor-section elementor-top-section\" data-id=\"76f58e9\" data-element_type=\"section\">\n\t\t\t\t\t\t<div class=\"elementor-container elementor-column-gap-default\">\n\t\t\t\t<div class=\"elementor-row\">\n\t\t\t\t<div class=\"elementor-element elementor-element-2dc3a7e elementor-column elementor-col-100 elementor-top-column\" data-id=\"2dc3a7e\" data-element_type=\"column\">\n\t\t\t<div class=\"elementor-column-wrap  elementor-element-populated\">\n\t\t\t\t\t<div class=\"elementor-widget-wrap\">\n\t\t\t\t<div class=\"elementor-element elementor-element-bb3883c elementor-widget elementor-widget-image\" data-id=\"bb3883c\" data-element_type=\"widget\" data-widget_type=\"image.default\">\n\t\t\t\t<div class=\"elementor-widget-container\">\n\t\t\t\t\t<div class=\"elementor-image\">\n\t\t\t\t\t\t\t\t\t\t\t<a href=\"\/en\/downloadable-issues\/\">\n\t\t\t\t\t\t\t<img width=\"1614\" height=\"2244\" src=\"https:\/\/epitoanyag.org.hu\/wp-content\/uploads\/2026\/03\/2025_03_cimlap.png\" class=\"attachment-full size-full\" alt=\"\" loading=\"lazy\" srcset=\"https:\/\/epitoanyag.org.hu\/wp-content\/uploads\/2026\/03\/2025_03_cimlap.png 1614w, https:\/\/epitoanyag.org.hu\/wp-content\/uploads\/2026\/03\/2025_03_cimlap-216x300.png 216w, https:\/\/epitoanyag.org.hu\/wp-content\/uploads\/2026\/03\/2025_03_cimlap-737x1024.png 737w, https:\/\/epitoanyag.org.hu\/wp-content\/uploads\/2026\/03\/2025_03_cimlap-768x1068.png 768w, https:\/\/epitoanyag.org.hu\/wp-content\/uploads\/2026\/03\/2025_03_cimlap-1105x1536.png 1105w, https:\/\/epitoanyag.org.hu\/wp-content\/uploads\/2026\/03\/2025_03_cimlap-1473x2048.png 1473w, https:\/\/epitoanyag.org.hu\/wp-content\/uploads\/2026\/03\/2025_03_cimlap-600x834.png 600w\" sizes=\"(max-width: 1614px) 100vw, 1614px\" \/>\t\t\t\t\t\t\t\t<\/a>\n\t\t\t\t\t\t\t\t\t\t\t<\/div>\n\t\t\t\t<\/div>\n\t\t\t\t<\/div>\n\t\t\t\t\t\t<\/div>\n\t\t\t<\/div>\n\t\t<\/div>\n\t\t\t\t\t\t<\/div>\n\t\t\t<\/div>\n\t\t<\/section>\n\t\t\t\t\t<\/div>\n\t\t<\/div>\n\t\t<\/div>\n\t\t<\/div>\n\t\t\t\t<\/div>\n\t\t\t\t<\/div>\n\t\t\t\t<div class=\"elementor-element elementor-element-6a7f3d8 elementor-widget elementor-widget-heading\" data-id=\"6a7f3d8\" data-element_type=\"widget\" data-widget_type=\"heading.default\">\n\t\t\t\t<div class=\"elementor-widget-container\">\n\t\t\t<h2 class=\"elementor-heading-title elementor-size-default\">\u00c9p\u00edt\u0151anyag-JSBCM is referred by:<\/h2>\t\t<\/div>\n\t\t\t\t<\/div>\n\t\t\t\t<div class=\"elementor-element elementor-element-48736844 elementor-widget elementor-widget-text-editor\" data-id=\"48736844\" data-element_type=\"widget\" data-widget_type=\"text-editor.default\">\n\t\t\t\t<div class=\"elementor-widget-container\">\n\t\t\t\t\t<div class=\"elementor-text-editor elementor-clearfix\"><a href=\"http:\/\/www.ebscohost.com\/\" target=\"_blank\" rel=\"noopener\"><img loading=\"lazy\" class=\"aligncenter\" src=\"https:\/\/epitoanyag.org.hu\/static\/upload\/ebscologofinal.png\" alt=\"\" width=\"50\" height=\"48\" \/><\/a><a href=\"http:\/\/www.proquest.com\/\" target=\"_blank\" rel=\"noopener\"><img loading=\"lazy\" class=\"aligncenter\" src=\"https:\/\/epitoanyag.org.hu\/static\/upload\/logoproquestfinal.png\" alt=\"\" width=\"80\" height=\"30\" \/><\/a><a href=\"http:\/\/mjl.clarivate.com\/cgi-bin\/jrnlst\/jlresults.cgi?PC=MASTER&amp;ISSN=*0013-970X%20\" target=\"_blank\" rel=\"noopener\"><img loading=\"lazy\" class=\"aligncenter\" src=\"https:\/\/epitoanyag.org.hu\/static\/upload\/ESCI.png\" alt=\"\" width=\"50\" height=\"49\" \/><\/a><a <\/a><a href=\"https:\/\/publons.com\/journal\/32066\/epitoanyag-journal-of-silicate-based-and-composite\/\" target=\"_blank\" rel=\"noopener\"><img loading=\"lazy\" class=\"aligncenter wp-image-14994\" src=\"https:\/\/epitoanyag.org.hu\/wp-content\/uploads\/2022\/05\/publons-logo-300x121.jpeg\" alt=\"\" width=\"106\" height=\"43\" srcset=\"https:\/\/epitoanyag.org.hu\/wp-content\/uploads\/2022\/05\/publons-logo-300x121.jpeg 300w, https:\/\/epitoanyag.org.hu\/wp-content\/uploads\/2022\/05\/publons-logo-1024x412.jpeg 1024w, https:\/\/epitoanyag.org.hu\/wp-content\/uploads\/2022\/05\/publons-logo-768x309.jpeg 768w, https:\/\/epitoanyag.org.hu\/wp-content\/uploads\/2022\/05\/publons-logo-1536x617.jpeg 1536w, https:\/\/epitoanyag.org.hu\/wp-content\/uploads\/2022\/05\/publons-logo-2048x823.jpeg 2048w, https:\/\/epitoanyag.org.hu\/wp-content\/uploads\/2022\/05\/publons-logo-600x241.jpeg 600w\" sizes=\"(max-width: 106px) 100vw, 106px\" \/>\n<\/a><a href=\"https:\/\/journals.indexcopernicus.com\/search\/details?jmlId=24781651&amp;org=Epitoanyag%20-%20Journal%20of%20Silicate%20Based%20and%20Composite%20Materials,p24781651,3.html\" target=\"_blank\" rel=\"noopener\"><img loading=\"lazy\" class=\"aligncenter\" src=\"https:\/\/epitoanyag.org.hu\/static\/upload\/index-copernicus.png\" alt=\"\" width=\"169\" height=\"35\" \/><\/a>\n<a href=\"https:\/\/scholar.google.com\/citations?hl=en&amp;view_op=search_venues&amp;vq=epitoanyag&amp;btnG=\" target=\"_blank\" rel=\"noopener\"><img loading=\"lazy\" class=\"aligncenter\" src=\"https:\/\/epitoanyag.org.hu\/static\/upload\/google-scholar-png.png\" alt=\"\" width=\"106\" height=\"30\" \/><\/a><\/div>\n\t\t\t\t<\/div>\n\t\t\t\t<\/div>\n\t\t\t\t<div class=\"elementor-element elementor-element-430f87f8 elementor-widget elementor-widget-divider\" data-id=\"430f87f8\" data-element_type=\"widget\" data-widget_type=\"divider.default\">\n\t\t\t\t<div class=\"elementor-widget-container\">\n\t\t\t\t\t<div class=\"elementor-divider\">\n\t\t\t<span class=\"elementor-divider-separator\">\n\t\t\t\t\t\t<\/span>\n\t\t<\/div>\n\t\t\t\t<\/div>\n\t\t\t\t<\/div>\n\t\t\t\t<div class=\"elementor-element elementor-element-ef1d5b8 elementor-widget elementor-widget-heading\" data-id=\"ef1d5b8\" data-element_type=\"widget\" data-widget_type=\"heading.default\">\n\t\t\t\t<div class=\"elementor-widget-container\">\n\t\t\t<h2 class=\"elementor-heading-title elementor-size-default\">Metrics:<\/h2>\t\t<\/div>\n\t\t\t\t<\/div>\n\t\t\t\t<div class=\"elementor-element elementor-element-6536094 elementor-widget elementor-widget-text-editor\" data-id=\"6536094\" data-element_type=\"widget\" data-widget_type=\"text-editor.default\">\n\t\t\t\t<div class=\"elementor-widget-container\">\n\t\t\t\t\t<div class=\"elementor-text-editor elementor-clearfix\"><p><a href=\"https:\/\/scholar.google.com\/citations?hl=en&amp;view_op=search_venues&amp;vq=epitoanyag&amp;btnG=%20)\" target=\"_blank\" rel=\"noopener\">h5-index: 10<\/a>\u00a0 \u00a0 \u00a0<a href=\"https:\/\/scholar.google.com\/citations?hl=en&amp;view_op=search_venues&amp;vq=epitoanyag&amp;btnG=\" target=\"_blank\" rel=\"noopener\">h5-median: 15<\/a><\/p><p><a href=\"https:\/\/journals.indexcopernicus.com\/search\/form?search=Epitoanyag%20-%20Journal%20of%20Silicate%20Based%20and%20Composite%20Materials\" target=\"_blank\" rel=\"noopener\">Index Copernicus Value (ICV): 96.16 (2021)<\/a><\/p><p><a href=\"http:\/\/isi-impactfactor.com\/journals\/41)\" target=\"_blank\" rel=\"noopener\">ISI Impact Factor (IIF): 1.079<\/a><\/p><\/div>\n\t\t\t\t<\/div>\n\t\t\t\t<\/div>\n\t\t\t\t\t\t<\/div>\n\t\t\t<\/div>\n\t\t<\/div>\n\t\t\t\t\t\t<\/div>\n\t\t\t<\/div>\n\t\t<\/section>\n\t\t\t\t<section class=\"elementor-element elementor-element-234ccae elementor-section-boxed elementor-section-height-default elementor-section-height-default elementor-section elementor-top-section\" data-id=\"234ccae\" data-element_type=\"section\">\n\t\t\t\t\t\t<div class=\"elementor-container elementor-column-gap-default\">\n\t\t\t\t<div class=\"elementor-row\">\n\t\t\t\t<div class=\"elementor-element elementor-element-64877550 elementor-column elementor-col-100 elementor-top-column\" data-id=\"64877550\" data-element_type=\"column\">\n\t\t\t<div class=\"elementor-column-wrap\">\n\t\t\t\t\t<div class=\"elementor-widget-wrap\">\n\t\t\t\t\t\t<\/div>\n\t\t\t<\/div>\n\t\t<\/div>\n\t\t\t\t\t\t<\/div>\n\t\t\t<\/div>\n\t\t<\/section>\n\t\t\t\t\t\t<\/div>\n\t\t\t<\/div>\n\t\t<\/div>\n\t\t","protected":false},"excerpt":{"rendered":"<p>Journal of the Scientific Society of the Silicate Industry History In the December of 1948, Mr. Ferenc Sikl\u00f3s, senior officer of the Hungarian Ministry of Heavy Industry has called together the most respected leaders of the Hungarian construction materials industry to discuss the conditions of possibilities of the industry, being rather out of date at [&hellip;]<\/p>\n","protected":false},"author":1,"featured_media":0,"parent":0,"menu_order":0,"comment_status":"closed","ping_status":"closed","template":"elementor_header_footer","meta":[],"_links":{"self":[{"href":"https:\/\/epitoanyag.org.hu\/en\/wp-json\/wp\/v2\/pages\/1403"}],"collection":[{"href":"https:\/\/epitoanyag.org.hu\/en\/wp-json\/wp\/v2\/pages"}],"about":[{"href":"https:\/\/epitoanyag.org.hu\/en\/wp-json\/wp\/v2\/types\/page"}],"author":[{"embeddable":true,"href":"https:\/\/epitoanyag.org.hu\/en\/wp-json\/wp\/v2\/users\/1"}],"replies":[{"embeddable":true,"href":"https:\/\/epitoanyag.org.hu\/en\/wp-json\/wp\/v2\/comments?post=1403"}],"version-history":[{"count":10,"href":"https:\/\/epitoanyag.org.hu\/en\/wp-json\/wp\/v2\/pages\/1403\/revisions"}],"predecessor-version":[{"id":15629,"href":"https:\/\/epitoanyag.org.hu\/en\/wp-json\/wp\/v2\/pages\/1403\/revisions\/15629"}],"wp:attachment":[{"href":"https:\/\/epitoanyag.org.hu\/en\/wp-json\/wp\/v2\/media?parent=1403"}],"curies":[{"name":"wp","href":"https:\/\/api.w.org\/{rel}","templated":true}]}}